{"id":1281,"date":"2013-02-25T15:26:53","date_gmt":"2013-02-25T15:26:53","guid":{"rendered":"http:\/\/meteor-institut.ch\/website\/?page_id=1281"},"modified":"2016-02-22T12:41:26","modified_gmt":"2016-02-22T12:41:26","slug":"bewerbungs-marketing","status":"publish","type":"page","link":"http:\/\/meteor-institut.ch\/website\/bewerbungs-marketing\/","title":{"rendered":"Bewerbungs-Marketing"},"content":{"rendered":"<h1><strong><span style=\"color: #ff6600;\">Bewerbungs-Marketing<\/span><br \/>\n<\/strong><\/h1>\n<p>Sich f\u00fcr eine Stelle bewerben bedeutet &#8222;<span style=\"text-decoration: underline;\">sich selbst zu pr\u00e4sentieren, zu vermarken, zu verkaufen<\/span>&#8222;. Mit unserer jahrelangen Erfahrung im Bereich Human Resources Management, Personalrekrutierung und auch &#8222;Marketing&#8220;, unterst\u00fctzen wir Sie zielf\u00fchrend bei Ihrer Vorbereitung zur Stellensuche und beim Bewerbungs- und Vorstellungsprozess. Wir f\u00fchren Sie durch unterschiedliche Aspekte der Stellensuche, Nutzung von Social Media Plattformen f\u00fcr die Stellensuche, Vorbereitung und Durchf\u00fchrung des Bewerbungsprozesses, Vorbereitung auf das Vorstellungsgespr\u00e4ch, Pr\u00e4sentations- und Interviewtechniken. <strong>Wir machen Sie fit f\u00fcr Ihr &#8222;Bewerbungs- und Self-Marketing&#8220;.<\/strong><\/p>\n<p>&nbsp;<\/p>\n<p><span style=\"text-decoration: underline;\"><strong>Kursi<\/strong><strong>nhalte<\/strong><a href=\"http:\/\/meteor-institut.ch\/website\/rw\/attachment\/al_marco-hande-2\/\" rel=\"attachment wp-att-759\"><br \/>\n<img loading=\"lazy\" class=\"size-medium wp-image-759 alignright\" alt=\"Marco Camozzi, MBA\" src=\"http:\/\/meteor-institut.ch\/website\/wp-content\/uploads\/2012\/09\/AL_Marco-H\u00e4nde-300x112.jpg\" width=\"300\" height=\"112\" srcset=\"http:\/\/meteor-institut.ch\/website\/wp-content\/uploads\/2012\/09\/AL_Marco-H\u00e4nde-300x112.jpg 300w, http:\/\/meteor-institut.ch\/website\/wp-content\/uploads\/2012\/09\/AL_Marco-H\u00e4nde-1024x384.jpg 1024w\" sizes=\"(max-width: 300px) 100vw, 300px\" \/><\/a><\/span>+ Was gilt es bei der Stellensuche zu ber\u00fccksichtigen<br \/>\n+ Welche Bewerbungsstrategien stehen mir zur Verf\u00fcgung<br \/>\n+ Social Media Kan\u00e4le f\u00fcr die Stellensuche nutzen<br \/>\n+ Wie optimiere ich mein Anschreiben und meine Bewerbungsunterlagen zielf\u00fchrend<br \/>\n+ Was kann ich zu einem optimalen Bewerbungsprozess beitragen<br \/>\n+ Die optimale Vorbereitung auf das Bewerbungsgespr\u00e4ch<br \/>\n+ Wie pr\u00e4sentiere ich mich optimal im Bewerbungsgespr\u00e4ch<br \/>\n+ Wie werde ich von anderen wahrgenommen<br \/>\n+ Training von Kommunikation, Rhetorik und Pr\u00e4sentationstechnik<br \/>\n+ Welche Kleidung trage ich, wie begr\u00fcsse und verabschiede ich mich, wie ist mein Auftreten etc.<\/p>\n<p><strong><br \/>\n<span style=\"text-decoration: underline;\">Teilnehmer<\/span><\/strong><br \/>\nStellensuchende, welche sich intensiv und zielf\u00fchrend auf ihre berufliche Ver\u00e4nderung vorbereiten wollen.<\/p>\n<p><span style=\"text-decoration: underline;\"><strong>Nutzen<\/strong><\/span><br \/>\nDer pers\u00f6nliche Eindruck Ihres Dossiers oder Ihres Auftretens ist von gr\u00f6sster Bedeutung. Die Teilnehmenden erhalten praxisorientierte Einblicke in die wesentlichsten Punkte f\u00fcr eine erfolgreiche Stellensuche.<\/p>\n<p><span style=\"text-decoration: underline;\"><strong>Ausbildungsdauer<\/strong><\/span><br \/>\n16 Lektionen, 4 Bl\u00f6cke<\/p>\n<p><strong><span style=\"text-decoration: underline;\">Kursleitung<\/span><br \/>\n<\/strong>Felix M. Murbach, Master of Marketing UniBS<br \/>\nMarco Camozzi, MBA<\/p>\n<p><span style=\"text-decoration: underline;\"><strong><a href=\"http:\/\/meteor-institut.ch\/website\/bewerbungs-marketing\/attachment\/hr_cover\/\" rel=\"attachment wp-att-1288\"><img loading=\"lazy\" class=\"size-medium wp-image-1288 alignright\" alt=\"Bewerbungs-Marketing by www.metero-institut.ch\" src=\"http:\/\/meteor-institut.ch\/website\/wp-content\/uploads\/2013\/02\/HR_Cover-300x112.jpg\" width=\"300\" height=\"112\" srcset=\"http:\/\/meteor-institut.ch\/website\/wp-content\/uploads\/2013\/02\/HR_Cover-300x112.jpg 300w, http:\/\/meteor-institut.ch\/website\/wp-content\/uploads\/2013\/02\/HR_Cover-1024x384.jpg 1024w, http:\/\/meteor-institut.ch\/website\/wp-content\/uploads\/2013\/02\/HR_Cover.jpg 1695w\" sizes=\"(max-width: 300px) 100vw, 300px\" \/><\/a>Kursdaten und Zeiten<\/strong><\/span><br \/>\nDieses Seminar f\u00fchren wir \u00f6ffentlich oder firmenintern durch. Bitte fordern Sie unsere Offerte an.<\/p>\n<p><span style=\"text-decoration: underline;\"><strong>Kursgeb\u00fchr<\/strong><\/span><br \/>\nCHF 1\u2019440.-<\/p>\n<p><span style=\"text-decoration: underline;\"><strong>Abschluss<\/strong><\/span><br \/>\nDie Teilnehmer\/Innen erhalten ein Abschlusszertifikat.<\/p>\n<p><span style=\"text-decoration: underline;\"><strong>Kurs-Orte<\/strong><\/span><br \/>\nFelix Murbach Marketing, Neustadt 2, CH-8200 Schaffhausen oder nach Vereinbarung.<\/p>\n<p><span style=\"text-decoration: underline;\"><strong>Anmeldung<\/strong><\/span><br \/>\nFrau Maya Huber nimmt Ihre Anmeldungen gerne entgegen. Melden Sie sich heute noch an, wir freuen uns auf Ihre <span style=\"color: #ff6600;\"><a href=\"http:\/\/meteor-institut.ch\/website\/kontakt\/\" target=\"_blank\"><span style=\"color: #ff6600;\">Teilnahme<\/span><\/a>.<\/span><\/p>\n","protected":false},"excerpt":{"rendered":"<p>Bewerbungs-Marketing Sich f\u00fcr eine Stelle bewerben bedeutet &#8222;sich selbst zu pr\u00e4sentieren, zu vermarken, zu verkaufen&#8222;. Mit unserer jahrelangen Erfahrung im Bereich Human Resources Management, Personalrekrutierung und auch &#8222;Marketing&#8220;, unterst\u00fctzen wir Sie zielf\u00fchrend bei Ihrer Vorbereitung zur Stellensuche und beim Bewerbungs- und Vorstellungsprozess. Wir f\u00fchren Sie durch unterschiedliche Aspekte der Stellensuche, Nutzung von Social Media Plattformen [&hellip;]<\/p>\n","protected":false},"author":2,"featured_media":1291,"parent":0,"menu_order":0,"comment_status":"open","ping_status":"open","template":"page-template-full.php","meta":[],"_links":{"self":[{"href":"http:\/\/meteor-institut.ch\/website\/wp-json\/wp\/v2\/pages\/1281"}],"collection":[{"href":"http:\/\/meteor-institut.ch\/website\/wp-json\/wp\/v2\/pages"}],"about":[{"href":"http:\/\/meteor-institut.ch\/website\/wp-json\/wp\/v2\/types\/page"}],"author":[{"embeddable":true,"href":"http:\/\/meteor-institut.ch\/website\/wp-json\/wp\/v2\/users\/2"}],"replies":[{"embeddable":true,"href":"http:\/\/meteor-institut.ch\/website\/wp-json\/wp\/v2\/comments?post=1281"}],"version-history":[{"count":28,"href":"http:\/\/meteor-institut.ch\/website\/wp-json\/wp\/v2\/pages\/1281\/revisions"}],"predecessor-version":[{"id":3403,"href":"http:\/\/meteor-institut.ch\/website\/wp-json\/wp\/v2\/pages\/1281\/revisions\/3403"}],"wp:featuredmedia":[{"embeddable":true,"href":"http:\/\/meteor-institut.ch\/website\/wp-json\/wp\/v2\/media\/1291"}],"wp:attachment":[{"href":"http:\/\/meteor-institut.ch\/website\/wp-json\/wp\/v2\/media?parent=1281"}],"curies":[{"name":"wp","href":"https:\/\/api.w.org\/{rel}","templated":true}]}}