{"id":13,"date":"2012-08-19T17:12:42","date_gmt":"2012-08-19T17:12:42","guid":{"rendered":"http:\/\/meteor-institut.ch\/website\/?page_id=13"},"modified":"2020-10-26T09:41:24","modified_gmt":"2020-10-26T09:41:24","slug":"meteor","status":"publish","type":"page","link":"http:\/\/meteor-institut.ch\/website\/meteor\/","title":{"rendered":"Das Institut"},"content":{"rendered":"<h1 style=\"text-align: left;\"><span style=\"color: #ff6600;\">meteor Marketinginstitut &#8211; so macht Lernen Spass.<br \/>\n<\/span><\/h1>\n<p style=\"text-align: left;\">meteor Marketinginstitut by Felix Murbach ist das Marketinghaus f\u00fcr Marketing Lehrg\u00e4nge, Seminare und Workshops. Bei meteor wird grosser Wert auf den direkten Praxisbezug sowie auf das pers\u00f6nliche Coaching der Studierenden gelegt.<\/p>\n<p style=\"text-align: left;\"><a href=\"http:\/\/meteor-institut.ch\/website\/nutzen\/attachment\/meteor-klasse-3\/\" rel=\"attachment wp-att-4104\"><img loading=\"lazy\" class=\"alignleft size-medium wp-image-4104\" alt=\"meteor-klasse-3\" src=\"http:\/\/meteor-institut.ch\/website\/wp-content\/uploads\/2012\/08\/meteor-Klasse-3-300x132.jpg\" width=\"300\" height=\"132\" srcset=\"http:\/\/meteor-institut.ch\/website\/wp-content\/uploads\/2012\/08\/meteor-Klasse-3-300x132.jpg 300w, http:\/\/meteor-institut.ch\/website\/wp-content\/uploads\/2012\/08\/meteor-Klasse-3-1024x453.jpg 1024w, http:\/\/meteor-institut.ch\/website\/wp-content\/uploads\/2012\/08\/meteor-Klasse-3-908x397.jpg 908w, http:\/\/meteor-institut.ch\/website\/wp-content\/uploads\/2012\/08\/meteor-Klasse-3.jpg 1997w\" sizes=\"(max-width: 300px) 100vw, 300px\" \/><\/a><\/p>\n<p style=\"text-align: left;\">Dieses Positionierungsmerkmal \u2013 die N\u00e4he zu unseren Kunden und Dozenten \u2013 kommt durch die Bildung von Kleinklassen glasklar zum Tragen und macht uns dank einem modularen Ausbildungskonzept schweizweit einzigartig erfolgreich. Mit dem meteor Marketinginstitut by Felix Murbach hast du einen verl\u00e4sslichen Partner, der dich in deiner Ausbildung weiterbringt und du mit Spass an deiner Karriere arbeitest.<\/p>\n<p style=\"text-align: left;\">Marketingfachleute 2020: 100% Erfolgsquote.<\/p>\n<p>&nbsp;<\/p>\n<p>Felix M. Murbach<br \/>\nGr\u00fcnder &amp; Inhaber meteor Marketinginstitut by Felix Murbach<\/p>\n<p>&nbsp;<\/p>\n<p>&nbsp;<\/p>\n<h1><\/h1>\n<h1><\/h1>\n<h1><span style=\"color: #ff6600;\"><strong><strong><strong>So macht Lernen Spass.<\/strong><\/strong><\/strong><\/span><\/h1>\n<h3><strong><b><br \/>\n<\/b><\/strong><\/h3>\n<p style=\"text-align: left;\"><strong><br \/>\n<\/strong><\/p>\n<p>&nbsp;<\/p>\n<p>&nbsp;<\/p>\n<p>&nbsp;<\/p>\n<p>&nbsp;<\/p>\n<p>&nbsp;<\/p>\n<p>&nbsp;<\/p>\n<p>&nbsp;<\/p>\n<p>&nbsp;<\/p>\n<p>&nbsp;<\/p>\n<p>&nbsp;<\/p>\n","protected":false},"excerpt":{"rendered":"<p>meteor Marketinginstitut &#8211; so macht Lernen Spass. meteor Marketinginstitut by Felix Murbach ist das Marketinghaus f\u00fcr Marketing Lehrg\u00e4nge, Seminare und Workshops. Bei meteor wird grosser Wert auf den direkten Praxisbezug sowie auf das pers\u00f6nliche Coaching der Studierenden gelegt. Dieses Positionierungsmerkmal \u2013 die N\u00e4he zu unseren Kunden und Dozenten \u2013 kommt durch die Bildung von Kleinklassen [&hellip;]<\/p>\n","protected":false},"author":1,"featured_media":3840,"parent":0,"menu_order":0,"comment_status":"closed","ping_status":"closed","template":"page-template-full.php","meta":[],"_links":{"self":[{"href":"http:\/\/meteor-institut.ch\/website\/wp-json\/wp\/v2\/pages\/13"}],"collection":[{"href":"http:\/\/meteor-institut.ch\/website\/wp-json\/wp\/v2\/pages"}],"about":[{"href":"http:\/\/meteor-institut.ch\/website\/wp-json\/wp\/v2\/types\/page"}],"author":[{"embeddable":true,"href":"http:\/\/meteor-institut.ch\/website\/wp-json\/wp\/v2\/users\/1"}],"replies":[{"embeddable":true,"href":"http:\/\/meteor-institut.ch\/website\/wp-json\/wp\/v2\/comments?post=13"}],"version-history":[{"count":315,"href":"http:\/\/meteor-institut.ch\/website\/wp-json\/wp\/v2\/pages\/13\/revisions"}],"predecessor-version":[{"id":4332,"href":"http:\/\/meteor-institut.ch\/website\/wp-json\/wp\/v2\/pages\/13\/revisions\/4332"}],"wp:featuredmedia":[{"embeddable":true,"href":"http:\/\/meteor-institut.ch\/website\/wp-json\/wp\/v2\/media\/3840"}],"wp:attachment":[{"href":"http:\/\/meteor-institut.ch\/website\/wp-json\/wp\/v2\/media?parent=13"}],"curies":[{"name":"wp","href":"https:\/\/api.w.org\/{rel}","templated":true}]}}