{"id":1359,"date":"2013-05-02T15:15:12","date_gmt":"2013-05-02T15:15:12","guid":{"rendered":"http:\/\/meteor-institut.ch\/website\/?page_id=1359"},"modified":"2016-02-22T12:41:48","modified_gmt":"2016-02-22T12:41:48","slug":"fahrstuhlprasentation","status":"publish","type":"page","link":"http:\/\/meteor-institut.ch\/website\/fahrstuhlprasentation\/","title":{"rendered":"Fahrstuhlpr\u00e4sentation"},"content":{"rendered":"<h1><span style=\"color: #ff6600;\"><strong>Seminar Fahrstuhlpr\u00e4sentation \/ Elevator-Pitch<\/strong><\/span><\/h1>\n<p>Die Fahrstuhlpr\u00e4sentation oder der &#8222;Elevator-Pitch&#8220;. Eine kurze, knackige Selbstdarstellung, f\u00fcr die eine Fahrt im Fahrstuhl reichen w\u00fcrde. Dabei darf diese Kurzpr\u00e4sentation nicht l\u00e4nger als 60 Sekunden dauern! An diesem Halbtages-Seminar lernen Sie, sich richtig und erfolgreich selbst vorzustellen.<\/p>\n<p>&nbsp;<\/p>\n<p><span style=\"text-decoration: underline;\"><strong>Inhalt<\/strong><\/span><br \/>\n+ Sammeln der wichtigen und interessante Zahlen, Daten und Fakten zur eigenen Person: \u00abWelche Leistungen bieten Sie? Was ist Ihre Spezialit\u00e4t?\u00bb<br \/>\n+ Wie formuliere ich den interessanten ersten Satz, der absolutes Interesse erzeugt, wie: \u00abM\u00f6chten Sie mehr Zeit f\u00fcr sich haben?\u00bb etc.<br \/>\n+ Aus dem gew\u00e4hlten Inhalt eine gesprochene Version machen.<br \/>\n+ \u00dcben Ihrer &#8222;Elevator-Pitch&#8220;-Zusammenfassung im Plenum.<\/p>\n<p><span style=\"text-decoration: underline;\"><strong><a href=\"http:\/\/meteor-institut.ch\/website\/fahrstuhlprasentation\/attachment\/elevator-pitch_1\/\" rel=\"attachment wp-att-1384\"><img loading=\"lazy\" class=\"alignright size-medium wp-image-1384\" alt=\"Fahrstuhlpr\u00e4sentation\" src=\"http:\/\/meteor-institut.ch\/website\/wp-content\/uploads\/2013\/05\/Elevator-Pitch_1-300x112.jpg\" width=\"300\" height=\"112\" srcset=\"http:\/\/meteor-institut.ch\/website\/wp-content\/uploads\/2013\/05\/Elevator-Pitch_1-300x112.jpg 300w, http:\/\/meteor-institut.ch\/website\/wp-content\/uploads\/2013\/05\/Elevator-Pitch_1.jpg 391w\" sizes=\"(max-width: 300px) 100vw, 300px\" \/><\/a>Teilnehmer<\/strong><\/span><br \/>\n+ InhaberInnen und Gesch\u00e4ftsf\u00fchrerInnen<br \/>\n+ Fachkr\u00e4fte in Marketing, Verkauf und\u00a0Kommunikation welche sich kurz und knackig vorstellen m\u00f6chten<br \/>\n+ Das Seminar richtet sich an B2B- und B2C-Unternehmen sowie Non-PO\u2018s.<\/p>\n<p><span style=\"text-decoration: underline;\"><strong>Nutzen<\/strong><\/span><br \/>\nDie Teilnehmer kennen nach dem Seminar zahlreiche Anwendungsm\u00f6glichkeiten von Fahrstuhlpr\u00e4sentationen und k\u00f6nnen diese individuell einsetzen, wie bei Firmenpr\u00e4sentationen, bei Netzwerktreffen, Kundengespr\u00e4chen, auf Messen oder bei Pressegespr\u00e4chen.<\/p>\n<p><span style=\"text-decoration: underline;\"><strong>Seminarleitung<\/strong><\/span><br \/>\nFelix M. Murbach, Master of Marketing UniBS<\/p>\n<p><span style=\"text-decoration: underline;\"><strong>Seminardatum<\/strong><\/span><br \/>\nDieses Seminar f\u00fchren wir \u00f6ffentlich oder firmenintern durch. Bitte fordern Sie unsere Offerte an.<\/p>\n<p><span style=\"text-decoration: underline;\"><strong>Seminargeb\u00fchr<\/strong><\/span><br \/>\nHalbtages-Seminar: CHF 280.- pro Teilnehmer, inkl. Pausengetr\u00e4nke und Dokumentation<\/p>\n<p><strong><span style=\"text-decoration: underline;\">Dauer des Seminars<\/span><br \/>\n<\/strong>8 &#8211; 12 Uhr, alternativ: 13.15 &#8211; 17.15 Uhr<\/p>\n<p><span style=\"text-decoration: underline;\"><strong>Seminar-Ort<\/strong><\/span><br \/>\nFelix Murbach Marketing, Neustadt 2, CH-8200 Schaffhausen oder nach Vereinbarung.<\/p>\n<p><span style=\"text-decoration: underline;\"><strong>Anmeldung<\/strong><\/span><br \/>\nFrau Maya Huber nimmt Ihre Anmeldungen gerne entgegen. Melden Sie sich heute noch an, wir freuen uns auf Ihre <span style=\"text-decoration: underline;\"><span style=\"color: #ff6600;\"><a href=\"http:\/\/meteor-institut.ch\/website\/kontakt\/\"><span style=\"color: #ff6600; text-decoration: underline;\">Teilnahme<\/span><\/a><\/span><span style=\"color: #ff6600; text-decoration: underline;\"><span style=\"color: #ff6600; text-decoration: underline;\">.<\/span><\/span><\/span><\/p>\n","protected":false},"excerpt":{"rendered":"<p>Seminar Fahrstuhlpr\u00e4sentation \/ Elevator-Pitch Die Fahrstuhlpr\u00e4sentation oder der &#8222;Elevator-Pitch&#8220;. Eine kurze, knackige Selbstdarstellung, f\u00fcr die eine Fahrt im Fahrstuhl reichen w\u00fcrde. Dabei darf diese Kurzpr\u00e4sentation nicht l\u00e4nger als 60 Sekunden dauern! An diesem Halbtages-Seminar lernen Sie, sich richtig und erfolgreich selbst vorzustellen. &nbsp; Inhalt + Sammeln der wichtigen und interessante Zahlen, Daten und Fakten zur [&hellip;]<\/p>\n","protected":false},"author":2,"featured_media":1842,"parent":0,"menu_order":0,"comment_status":"open","ping_status":"open","template":"page-template-full.php","meta":[],"_links":{"self":[{"href":"http:\/\/meteor-institut.ch\/website\/wp-json\/wp\/v2\/pages\/1359"}],"collection":[{"href":"http:\/\/meteor-institut.ch\/website\/wp-json\/wp\/v2\/pages"}],"about":[{"href":"http:\/\/meteor-institut.ch\/website\/wp-json\/wp\/v2\/types\/page"}],"author":[{"embeddable":true,"href":"http:\/\/meteor-institut.ch\/website\/wp-json\/wp\/v2\/users\/2"}],"replies":[{"embeddable":true,"href":"http:\/\/meteor-institut.ch\/website\/wp-json\/wp\/v2\/comments?post=1359"}],"version-history":[{"count":30,"href":"http:\/\/meteor-institut.ch\/website\/wp-json\/wp\/v2\/pages\/1359\/revisions"}],"predecessor-version":[{"id":3404,"href":"http:\/\/meteor-institut.ch\/website\/wp-json\/wp\/v2\/pages\/1359\/revisions\/3404"}],"wp:featuredmedia":[{"embeddable":true,"href":"http:\/\/meteor-institut.ch\/website\/wp-json\/wp\/v2\/media\/1842"}],"wp:attachment":[{"href":"http:\/\/meteor-institut.ch\/website\/wp-json\/wp\/v2\/media?parent=1359"}],"curies":[{"name":"wp","href":"https:\/\/api.w.org\/{rel}","templated":true}]}}