{"id":1764,"date":"2013-12-16T11:37:44","date_gmt":"2013-12-16T11:37:44","guid":{"rendered":"http:\/\/meteor-institut.ch\/website\/?page_id=1764"},"modified":"2016-02-22T12:40:07","modified_gmt":"2016-02-22T12:40:07","slug":"kunden-gewinnen","status":"publish","type":"page","link":"http:\/\/meteor-institut.ch\/website\/kunden-gewinnen\/","title":{"rendered":"Der Kunde ist K\u00f6nig"},"content":{"rendered":"<blockquote>\n<h1><span style=\"color: #ff6600;\"><strong>Seminar \u201c<\/strong>Der Kunde ist K\u00f6nig<strong>\u201d<\/strong><\/span><\/h1>\n<p>Produkte und Dienstleistungen werden immer \u00e4hnlicher.\u00a0Wie funktioniert eine heutige, erfolgreiche Kundenbeziehung? Wie k\u00f6nnen wir im Ged\u00e4chtnis der Kunden h\u00e4ngen bleiben und einen Wettbewerbsvorteil schaffen? Wie gewinnen wir Kunden, halten diese oder k\u00f6nnen sie zur\u00fcck gewinnen? Wie generiert man Kundenbeziehung? Wie kann ich meine Kunden begeistern? In diesem Seminar erhalten Sie kurz und b\u00fcndig das Know How f\u00fcr Ihren Berufsalltag. Wenden Sie das Erlernte an und gewinnen Sie wertvolle Inputs aus den Gespr\u00e4chen mit anderen Kursteilnehmenden.<\/p>\n<p>&nbsp;<\/p>\n<p><strong><span style=\"text-decoration: underline;\">Inhalt<\/span><br \/>\n<\/strong>+ Einf\u00fchrung in das Thema<br \/>\n+ Wo steht Ihr Unternehmen heute? Wo m\u00f6chte es hin? Wie erreichen wir das?<br \/>\n+ Wie Kundenbeziehungen heute funktionieren<br \/>\n+ Kundenzufriedenheit &#8211; im Kundenlebensyzklus denken<br \/>\n+ Pssst, weiter sagen: Tipps zur Kundenempfehlung<br \/>\n+ Telefonieren leicht gemacht<br \/>\n+ Kundenerwartungen erf\u00fcllen<\/p>\n<p><span style=\"text-decoration: underline;\"><strong>Teilnehmer<\/strong><\/span><br \/>\n+ Alle Personen, Personen, die selbst\u00e4ndig Kunden betreuen und ihre Beziehungen optimieren wollen<br \/>\n+ Verkaufsmitarbeiter im Innen- und Aussendienst, Key Account Manager, Verkaufs- und Marketingleiter<\/p>\n<p><strong><span style=\"text-decoration: underline;\">Nutzen<\/span><br \/>\n<\/strong>In diesem Seminar erhalten Sie praxisorientierte Tipps im t\u00e4glichen Umgang mit Ihren Kunden. Es ist Ihnen bewusst, was zu Kundenunzufriedenheit und Kundenabwanderung f\u00fchrt und was Sie dagegen unternehmen k\u00f6nnen. Sie erarbeiten L\u00f6sungsans\u00e4tze, wie Sie und Ihr Unternehmen Ihre Kunden t\u00e4glich von Neuem zu begeistern verm\u00f6gen.<\/p>\n<p><strong><span style=\"text-decoration: underline;\">Seminarleitung<\/span><br \/>\n<\/strong>Felix M. Murbach, Master of Marketing UniBS<\/p>\n<p><span style=\"text-decoration: underline;\"><strong>Seminardatum<\/strong><\/span><br \/>\nDieses Seminar f\u00fchren wir \u00f6ffentlich oder firmenintern durch. Bitte fordern Sie unsere Offerte an.<\/p>\n<p><span style=\"text-decoration: underline;\"><strong>Seminargeb\u00fchr<\/strong><\/span><br \/>\nCHF 560.- pro Person, inkl. Pausengetr\u00e4nke und Dokumentation<\/p>\n<p><strong><span style=\"text-decoration: underline;\">Dauer des Seminars<\/span><br \/>\n<\/strong>9 \u2013 16.30 Uhr<\/p>\n<p><span style=\"text-decoration: underline;\"><strong>Abschluss<\/strong><\/span><br \/>\nDie Teilnehmer\/Innen erhalten ein Abschlusszertifikat.<\/p>\n<p><span style=\"text-decoration: underline;\"><strong>Seminar-Ort<\/strong><\/span><br \/>\nFelix Murbach Marketing, Neustadt 2, CH-8200 Schaffhausen oder nach Vereinbarung.<\/p>\n<p><span style=\"text-decoration: underline;\"><strong>Anmeldung<\/strong><\/span><br \/>\nFrau Maya Huber nimmt Ihre Anmeldungen gerne entgegen. Melden Sie sich heute noch an, wir freuen uns auf Ihre <span style=\"color: #ff6600;\"><a href=\"http:\/\/meteor-institut.ch\/website\/kontakt\/\" target=\"_blank\"><span style=\"color: #ff6600;\">Teilnahme<\/span><\/a><\/span>.<\/p>\n<p><span style=\"text-decoration: underline;\"><strong><br \/>\nTeilnehmer-Feedback<\/strong><\/span><br \/>\n<i>\u201eSehr geehrter Herr Murbach. Vielen herzlichen Dank f\u00fcr den spannenden und lehrreichen Tag, den wir mit Ihnen verbringen durften. Kompliment, das hat einfach &#8222;mega&#8220; Spass gemacht und ich w\u00fcrde mich sehr freuen, wenn unser Unternehmen auch in Zukunft weitere Anl\u00e4sse mit Ihnen durchf\u00fchren w\u00fcrde. Freundliche Gr\u00fcsse, D.B.\u201c<br \/>\n<\/i><\/p>\n<p><i>\u201eMerci viilmols &#8211; s&#8217;isch \u00e4cht en super Kursg&#8217;sii. A. G.\u201c<br \/>\n<\/i><\/p>\n<p><i>\u201eLieber Herr Murbach. F\u00fcr das \u00e4usserst lebhafte, informative und eindr\u00fcckliche Seminar m\u00f6chte ich Ihnen herzlich danken. In einer tollen Atmosph\u00e4re haben Sie mir viel wertvolles Wissen und wichtige Anregungen mit \u00a0auf den Weg gegeben. Freundliche Gr\u00fcsse, R. S.\u201c<\/i><\/p><\/blockquote>\n","protected":false},"excerpt":{"rendered":"<p>Seminar \u201cDer Kunde ist K\u00f6nig\u201d Produkte und Dienstleistungen werden immer \u00e4hnlicher.\u00a0Wie funktioniert eine heutige, erfolgreiche Kundenbeziehung? Wie k\u00f6nnen wir im Ged\u00e4chtnis der Kunden h\u00e4ngen bleiben und einen Wettbewerbsvorteil schaffen? Wie gewinnen wir Kunden, halten diese oder k\u00f6nnen sie zur\u00fcck gewinnen? Wie generiert man Kundenbeziehung? Wie kann ich meine Kunden begeistern? In diesem Seminar erhalten Sie [&hellip;]<\/p>\n","protected":false},"author":2,"featured_media":1168,"parent":0,"menu_order":0,"comment_status":"open","ping_status":"open","template":"page-template-full.php","meta":[],"_links":{"self":[{"href":"http:\/\/meteor-institut.ch\/website\/wp-json\/wp\/v2\/pages\/1764"}],"collection":[{"href":"http:\/\/meteor-institut.ch\/website\/wp-json\/wp\/v2\/pages"}],"about":[{"href":"http:\/\/meteor-institut.ch\/website\/wp-json\/wp\/v2\/types\/page"}],"author":[{"embeddable":true,"href":"http:\/\/meteor-institut.ch\/website\/wp-json\/wp\/v2\/users\/2"}],"replies":[{"embeddable":true,"href":"http:\/\/meteor-institut.ch\/website\/wp-json\/wp\/v2\/comments?post=1764"}],"version-history":[{"count":16,"href":"http:\/\/meteor-institut.ch\/website\/wp-json\/wp\/v2\/pages\/1764\/revisions"}],"predecessor-version":[{"id":3401,"href":"http:\/\/meteor-institut.ch\/website\/wp-json\/wp\/v2\/pages\/1764\/revisions\/3401"}],"wp:featuredmedia":[{"embeddable":true,"href":"http:\/\/meteor-institut.ch\/website\/wp-json\/wp\/v2\/media\/1168"}],"wp:attachment":[{"href":"http:\/\/meteor-institut.ch\/website\/wp-json\/wp\/v2\/media?parent=1764"}],"curies":[{"name":"wp","href":"https:\/\/api.w.org\/{rel}","templated":true}]}}