{"id":1808,"date":"2013-12-16T13:02:03","date_gmt":"2013-12-16T13:02:03","guid":{"rendered":"http:\/\/meteor-institut.ch\/website\/?page_id=1808"},"modified":"2019-09-27T11:07:23","modified_gmt":"2019-09-27T11:07:23","slug":"lehrgang","status":"publish","type":"page","link":"http:\/\/meteor-institut.ch\/website\/lehrgang\/","title":{"rendered":"Marketing Lehrg\u00e4nge"},"content":{"rendered":"<h1><span style=\"color: #ff6600;\">Marketing-Lehrg\u00e4nge<\/span><\/h1>\n<h1><\/h1>\n<p>Werde zum &#8222;Crack&#8220; beim Marketing Experten. Lernen soll Spass machen. Daher basiert das Konzept unseres Marketinginstituts auf Kleinklassen-Basis. Die Betreuung ist individuell, pers\u00f6nlich und mit h\u00f6chstem Engagement der Fachspezialisten. Ein offenes und helles Raumkonzept mit modernster Infrastruktur sorgt f\u00fcr ein stimmiges und motivierendes Lernklima.<\/p>\n<p>meteor das Marketinginstitut by Felix Murbach bietet dir modular aufgebaute Lehrg\u00e4nge bis zum eidgen\u00f6ssischen Diplom. Je nach Vorkenntnissen steigst du in den f\u00fcr dich passenden Lehrgang ein und erreichst so deine pers\u00f6nlichen Ziele.<\/p>\n<p>&nbsp;<\/p>\n<h1><span style=\"color: #ff6600;\">Marketing Back Up<\/span><\/h1>\n<h1><\/h1>\n<p><a href=\"http:\/\/meteor-institut.ch\/website\/lehrgang\/attachment\/logo_marketinginstitut-3\/\" rel=\"attachment wp-att-3823\"><img loading=\"lazy\" class=\"alignleft\" alt=\"Logo Marketinginstitut by Felix Murbach\" src=\"http:\/\/meteor-institut.ch\/website\/wp-content\/uploads\/2013\/12\/logo_marketinginstitut-3-300x300.jpg\" width=\"39\" height=\"39\" \/><\/a>Wir bringen dich durch die Pr\u00fcfung. Stehst du kurz vor dem Abschluss deiner Marketingausbildung und m\u00f6chtest dein Wissen pr\u00fcfungsrelevant vertiefen? Dann melde dich unverbindlich bei uns und profitiere von unserem <span style=\"color: #800000;\"><em><span style=\"text-decoration: underline;\"><a href=\"http:\/\/meteor-institut.ch\/website\/backup\/\" target=\"_blank\"><span style=\"color: #800000; text-decoration: underline;\">Marketing Back Up<\/span><\/a><\/span><\/em><\/span>.<\/p>\n<p>&nbsp;<\/p>\n<h1><span style=\"color: #ff6600;\"><strong>Marketing<\/strong><strong>fachleute<br \/>\n<\/strong><\/span><\/h1>\n<p><a href=\"http:\/\/meteor-institut.ch\/website\/wp-content\/uploads\/2019\/03\/Anmeldeformular-2019-2021.pdf\" target=\"_blank\" rel=\"attachment wp-att-3823\"><img loading=\"lazy\" class=\"alignleft\" alt=\"Logo Marketinginstitut by Felix Murbach\" src=\"http:\/\/meteor-institut.ch\/website\/wp-content\/uploads\/2013\/12\/logo_marketinginstitut-3-300x300.jpg\" width=\"39\" height=\"39\" \/><\/a>Der Lehrgang <span style=\"color: #800000;\"><em><span style=\"text-decoration: underline;\"><a href=\"http:\/\/meteor-institut.ch\/website\/marketingfachleute\/\"><span style=\"color: #800000; text-decoration: underline;\">Marketingfachmann<\/span><\/a><\/span><\/em><a href=\"http:\/\/meteor-institut.ch\/website\/marketingfachleute\/\"><span style=\"color: #800000;\">\u00a0 <\/span><\/a><\/span>richtet sich an Fachleute, die sich auf die Pr\u00fcfung zum eidg. Fachausweis vorbereiten wollen. Neu bietet sich dir die M\u00f6glichkeit, dich gleichzeitig auf den eidg. Fachausweis Verkauf vorzubereiten -&gt; <em><span style=\"text-decoration: underline;\"><span style=\"color: #ff6600; text-decoration: underline;\"><span style=\"color: #800000; text-decoration: underline;\"><a href=\"mailto:felix.murbach@murba.ch?subject=Kombikurs%20Marketing%20%26%20Verkauf\" target=\"_blank\" data-cke-saved-href=\"mailto:felix.murbach@murba.ch?subject=Kombikurs%20Marketing%20%26%20Verkauf\"><span style=\"color: #800000; text-decoration: underline;\">mehr Informationen<\/span><\/a><\/span>.<\/span><\/span><\/em><\/p>\n<p>&nbsp;<\/p>\n<h1><span style=\"color: #ff6600;\"><strong>Verkaufsleiter\/-in<br \/>\n<\/strong><\/span><\/h1>\n<p><a href=\"http:\/\/meteor-institut.ch\/website\/lehrgang\/attachment\/logo_marketinginstitut-3\/\" rel=\"attachment wp-att-3823\"><img loading=\"lazy\" class=\"alignleft\" alt=\"Logo Marketinginstitut by Felix Murbach\" src=\"http:\/\/meteor-institut.ch\/website\/wp-content\/uploads\/2013\/12\/logo_marketinginstitut-3-300x300.jpg\" width=\"39\" height=\"39\" \/><\/a>M\u00f6chtest du im Verkauf eine Diplomausbildung anstreben und erfolgreich eine Verkaufsabteilung f\u00fchren? Dann besuche den Lehrgang zum eidg. dipl. <span style=\"color: #800000;\"><em><span style=\"text-decoration: underline;\"><a href=\"http:\/\/meteor-institut.ch\/website\/verkaufsleiter\/\"><span style=\"color: #800000; text-decoration: underline;\">Verkaufsleiter.<\/span><\/a><\/span><\/em><\/span><\/p>\n<p><strong><br \/>\n<\/strong><\/p>\n<h1><span style=\"color: #ff6600;\"><strong>Marketingleiter\/-in<\/strong><\/span><\/h1>\n<p><a href=\"http:\/\/meteor-institut.ch\/website\/lehrgang\/attachment\/logo_marketinginstitut-3\/\" rel=\"attachment wp-att-3823\"><img loading=\"lazy\" class=\"alignleft\" alt=\"Logo Marketinginstitut by Felix Murbach\" src=\"http:\/\/meteor-institut.ch\/website\/wp-content\/uploads\/2013\/12\/logo_marketinginstitut-3-300x300.jpg\" width=\"39\" height=\"39\" \/><\/a>Du hast die Verantwortung \u00fcber Marketingstrategien sowie -kampagnen und f\u00fchrst die Marketingabteilung? Dann bist du mit dem Lehrgang zum eidg. dipl. <em><span style=\"text-decoration: underline;\"><span style=\"color: #800000; text-decoration: underline;\"><a href=\"http:\/\/meteor-institut.ch\/website\/marketingleiter\/\" target=\"_blank\"><span style=\"color: #800000; text-decoration: underline;\">Marketingleiter<\/span><\/a><\/span><\/span><\/em> genau richtig.<\/p>\n<p>&nbsp;<\/p>\n<h1><strong><span style=\"color: #ff6600;\">Manager\/in Integrierte Kommunikation<\/span><br \/>\n<\/strong><\/h1>\n<p><a href=\"http:\/\/meteor-institut.ch\/website\/lehrgang\/attachment\/logo_marketinginstitut-3\/\" rel=\"attachment wp-att-3823\"><img loading=\"lazy\" class=\"alignleft\" alt=\"Logo Marketinginstitut by Felix Murbach\" src=\"http:\/\/meteor-institut.ch\/website\/wp-content\/uploads\/2013\/12\/logo_marketinginstitut-3-300x300.jpg\" width=\"39\" height=\"39\" \/><\/a>Bist du zust\u00e4ndig f\u00fcr den Aufbau und die Umsetzung eines <span style=\"color: #000000;\">stimmigen Kommunikations-Mix<\/span>? Hier lernst du ein konsistentes Erscheinungsbild deines Unternehmens formal, inhaltlich und zeitlich zu entwickeln.<\/p>\n<h4><\/h4>\n<h4><span style=\"color: #000000;\">Studienberatung<\/span><\/h4>\n<p>Mit unserem einzigartigen modularen Aufbau in Kleinklassen stellen wir sicher, dass bei den zu behandelnden Themen des n\u00e4chsth\u00f6heren Lehrgangs das entsprechende Grundwissen vorliegt. F\u00fcr eine <span style=\"color: #800000;\"><em><span style=\"text-decoration: underline;\"><a title=\"Ich m\u00f6chte gerne eine unverbindliche Studienberatung\" href=\"mailto:felix.murbach@murba.ch\" target=\"_blank\"><span style=\"color: #800000; text-decoration: underline;\">pers\u00f6nliche Studienberatung<\/span><\/a><\/span><\/em><\/span> steht dir der Inhaber und Schulleiter Felix M. Murbach sehr gerne zur Verf\u00fcgung.<\/p>\n<p>&nbsp;<\/p>\n<p>&nbsp;<\/p>\n<h1><span style=\"color: #ff6600;\"><strong><strong><strong><strong>So macht Lernen Spass<\/strong><\/strong>.<\/strong><\/strong><\/span><\/h1>\n","protected":false},"excerpt":{"rendered":"<p>Marketing-Lehrg\u00e4nge Werde zum &#8222;Crack&#8220; beim Marketing Experten. Lernen soll Spass machen. Daher basiert das Konzept unseres Marketinginstituts auf Kleinklassen-Basis. Die Betreuung ist individuell, pers\u00f6nlich und mit h\u00f6chstem Engagement der Fachspezialisten. Ein offenes und helles Raumkonzept mit modernster Infrastruktur sorgt f\u00fcr ein stimmiges und motivierendes Lernklima. meteor das Marketinginstitut by Felix Murbach bietet dir modular aufgebaute [&hellip;]<\/p>\n","protected":false},"author":2,"featured_media":4104,"parent":0,"menu_order":0,"comment_status":"open","ping_status":"open","template":"page-template-full.php","meta":[],"_links":{"self":[{"href":"http:\/\/meteor-institut.ch\/website\/wp-json\/wp\/v2\/pages\/1808"}],"collection":[{"href":"http:\/\/meteor-institut.ch\/website\/wp-json\/wp\/v2\/pages"}],"about":[{"href":"http:\/\/meteor-institut.ch\/website\/wp-json\/wp\/v2\/types\/page"}],"author":[{"embeddable":true,"href":"http:\/\/meteor-institut.ch\/website\/wp-json\/wp\/v2\/users\/2"}],"replies":[{"embeddable":true,"href":"http:\/\/meteor-institut.ch\/website\/wp-json\/wp\/v2\/comments?post=1808"}],"version-history":[{"count":175,"href":"http:\/\/meteor-institut.ch\/website\/wp-json\/wp\/v2\/pages\/1808\/revisions"}],"predecessor-version":[{"id":4109,"href":"http:\/\/meteor-institut.ch\/website\/wp-json\/wp\/v2\/pages\/1808\/revisions\/4109"}],"wp:featuredmedia":[{"embeddable":true,"href":"http:\/\/meteor-institut.ch\/website\/wp-json\/wp\/v2\/media\/4104"}],"wp:attachment":[{"href":"http:\/\/meteor-institut.ch\/website\/wp-json\/wp\/v2\/media?parent=1808"}],"curies":[{"name":"wp","href":"https:\/\/api.w.org\/{rel}","templated":true}]}}