{"id":1940,"date":"2014-03-24T15:32:48","date_gmt":"2014-03-24T15:32:48","guid":{"rendered":"http:\/\/meteor-institut.ch\/website\/?page_id=1940"},"modified":"2020-10-23T09:42:01","modified_gmt":"2020-10-23T09:42:01","slug":"backup","status":"publish","type":"page","link":"http:\/\/meteor-institut.ch\/website\/backup\/","title":{"rendered":"Marketing Back Up"},"content":{"rendered":"<h1><span style=\"color: #ff6600;\">Wir bringen dich durch die Pr\u00fcfung.<br \/>\n<\/span><\/h1>\n<h3 style=\"text-align: left;\"><strong>Bist du gerade in einer Marketingausbildung oder hast du in K\u00fcrze eine Pr\u00fcfung? Wie genau funktioniert eine SWOT-Analyse? Welche Strategie muss ich w\u00e4hlen? Wie sollen die Massnahmen richtig gewichtet werden?<\/strong><\/h3>\n<p>&nbsp;<\/p>\n<p style=\"text-align: left;\">Solche und \u00e4hnliche Fragen besch\u00e4ftigen Marketingkurs-Teilnehmende kurz vor der Pr\u00fcfung. <span style=\"color: #000000;\">Speziell auf die Bed\u00fcrfnisse von angehenden Marketing- sowie Verkaufsfachleuten, HFW-Absolventen, HF Marketing Manager, eidg. Dipl. Verkaufs- oder Marketingleiter sowie techn. Kaufleute wurde unser Marketing Back Up entwickelt.<br \/>\n<\/span><\/p>\n<h4><\/h4>\n<h1><strong><span style=\"color: #ff6600;\">Unser Marketing Back Up-Angebot<\/span><br \/>\n<\/strong><\/h1>\n<p>Die individuelle, zielgerichtete Marketing-Nachhilfe f\u00fcr dich. Du definierst das Thema oder die Pr\u00fcfungsanforderungen &#8211; wir legen mit dir zusammen die Dauer f\u00fcr deine Nachhilfe fest. In der ersten, <span style=\"text-decoration: underline;\"><strong>kostenlosen Probelektion<\/strong><\/span> gehen wir auf deine Lernziele ein und coachen dich pers\u00f6nlich und massgeschneidert in den F\u00e4chern:<\/p>\n<h3 style=\"text-align: left;\">+ Marketing &amp; Verkauf<br \/>\n+ Kommunikation<br \/>\n+ Marktforschung<br \/>\n+ Rechnungswesen<br \/>\n+ Pr\u00e4sentationstechnik<\/h3>\n<p>&nbsp;<\/p>\n<h1><\/h1>\n<h1><span style=\"color: #ff6600;\">Deine Vorteile<\/span><\/h1>\n<p>+ professionelle Marketing-Nachhilfe<br \/>\n+ individuelles Coaching f\u00fcr deine Lernziele<br \/>\n+ kein Abo, jederzeit k\u00fcndbar<br \/>\n+ modernste Infrastruktur in tollem Ambiente, 3 min. vom Bahnhof<\/p>\n<p>&nbsp;<\/p>\n<h1><span style=\"color: #ff6600;\"><strong>Kosten Einzelunterricht<br \/>\n<\/strong><\/span><\/h1>\n<p>CHF 95.- pro Lektion (45 min.)<br \/>\nCHF 360.- pro Halbtag (4 Lektionen)<br \/>\nCHF 680.- ganzer Tag (8 Lektionen). Jeweils inkl. Pausenverpflegung, Kaffee und Mineral.<a href=\"mailto:felix.murbach@murba.ch\" target=\"_blank\" rel=\"attachment wp-att-2977\"><img loading=\"lazy\" class=\"alignright  wp-image-2977\" alt=\"Jetzt anmelden!\" src=\"http:\/\/meteor-institut.ch\/website\/wp-content\/uploads\/2014\/03\/Jetzt-anmelden-mit-Hintergrund-300x300.jpg\" width=\"115\" height=\"115\" srcset=\"http:\/\/meteor-institut.ch\/website\/wp-content\/uploads\/2014\/03\/Jetzt-anmelden-mit-Hintergrund-300x300.jpg 300w, http:\/\/meteor-institut.ch\/website\/wp-content\/uploads\/2014\/03\/Jetzt-anmelden-mit-Hintergrund-150x150.jpg 150w, http:\/\/meteor-institut.ch\/website\/wp-content\/uploads\/2014\/03\/Jetzt-anmelden-mit-Hintergrund.jpg 922w\" sizes=\"(max-width: 115px) 100vw, 115px\" \/><\/a><\/p>\n<p>&nbsp;<\/p>\n<h1><span style=\"color: #ff6600;\">Kosten Gruppenunterricht, max. 3 Personen<br \/>\n<\/span><\/h1>\n<p>Halbtages-Back Up: CHF 450.- pro Gruppe<br \/>\nTages-Back Up: CHF 750.- pro Gruppe<br \/>\nGr\u00f6ssere Gruppen nach Absprache. Jeweils inkl. Pausenverpflegung, Kaffee und Mineral.<\/p>\n<p>&nbsp;<\/p>\n<h1><span style=\"color: #ff6600;\"><strong>Durchf\u00fchrungsort<\/strong><\/span><\/h1>\n<p>meteor Marketinginstitut by Felix Murbach, Neustadt 56, CH-8200 Schaffhausen oder nach Vereinbarung.<\/p>\n<h1><span style=\"color: #ff6600;\"><strong>Anmeldung<\/strong><\/span><\/h1>\n<p>Frau Maya Huber nimmt deine Anmeldungen sehr gerne entgegen. Melde dich doch heute noch an. Wir freuen uns auf deine <span style=\"text-decoration: underline; color: #800000;\"><em><span style=\"text-decoration: underline;\"><a href=\"http:\/\/meteor-institut.ch\/website\/kontakt\/\" target=\"_blank\"><span style=\"color: #800000; text-decoration: underline;\">Teilnahme<\/span><\/a><\/span><\/em><\/span>.<\/p>\n<p>&nbsp;<\/p>\n<p><i>\u201eMerci viilmols \u2013 s\u2019isch \u00e4cht en super Kurs gsi. Dank dem Marketing Back Up habe ich die Pr\u00fcfung zum eidg. Techn. Kaufmann mit Erfolg bestanden.&#8220; Kevin B.<br \/>\n<\/i><\/p>\n<p>&nbsp;<\/p>\n<p>&nbsp;<\/p>\n<p>&nbsp;<\/p>\n<h1><span style=\"color: #ff6600;\"><strong><strong>So macht Lernen Spass.<\/strong><\/strong><\/span><\/h1>\n<p>&nbsp;<\/p>\n<p>&nbsp;<\/p>\n<p>&nbsp;<\/p>\n<p>&nbsp;<\/p>\n","protected":false},"excerpt":{"rendered":"<p>Wir bringen dich durch die Pr\u00fcfung. Bist du gerade in einer Marketingausbildung oder hast du in K\u00fcrze eine Pr\u00fcfung? Wie genau funktioniert eine SWOT-Analyse? Welche Strategie muss ich w\u00e4hlen? Wie sollen die Massnahmen richtig gewichtet werden? &nbsp; Solche und \u00e4hnliche Fragen besch\u00e4ftigen Marketingkurs-Teilnehmende kurz vor der Pr\u00fcfung. Speziell auf die Bed\u00fcrfnisse von angehenden Marketing- sowie [&hellip;]<\/p>\n","protected":false},"author":2,"featured_media":4277,"parent":0,"menu_order":0,"comment_status":"open","ping_status":"open","template":"page-template-full.php","meta":[],"_links":{"self":[{"href":"http:\/\/meteor-institut.ch\/website\/wp-json\/wp\/v2\/pages\/1940"}],"collection":[{"href":"http:\/\/meteor-institut.ch\/website\/wp-json\/wp\/v2\/pages"}],"about":[{"href":"http:\/\/meteor-institut.ch\/website\/wp-json\/wp\/v2\/types\/page"}],"author":[{"embeddable":true,"href":"http:\/\/meteor-institut.ch\/website\/wp-json\/wp\/v2\/users\/2"}],"replies":[{"embeddable":true,"href":"http:\/\/meteor-institut.ch\/website\/wp-json\/wp\/v2\/comments?post=1940"}],"version-history":[{"count":137,"href":"http:\/\/meteor-institut.ch\/website\/wp-json\/wp\/v2\/pages\/1940\/revisions"}],"predecessor-version":[{"id":1974,"href":"http:\/\/meteor-institut.ch\/website\/wp-json\/wp\/v2\/pages\/1940\/revisions\/1974"}],"wp:featuredmedia":[{"embeddable":true,"href":"http:\/\/meteor-institut.ch\/website\/wp-json\/wp\/v2\/media\/4277"}],"wp:attachment":[{"href":"http:\/\/meteor-institut.ch\/website\/wp-json\/wp\/v2\/media?parent=1940"}],"curies":[{"name":"wp","href":"https:\/\/api.w.org\/{rel}","templated":true}]}}