{"id":2195,"date":"2014-08-11T08:36:35","date_gmt":"2014-08-11T08:36:35","guid":{"rendered":"http:\/\/meteor-institut.ch\/website\/?page_id=2195"},"modified":"2020-10-23T10:21:25","modified_gmt":"2020-10-23T10:21:25","slug":"institut","status":"publish","type":"page","link":"http:\/\/meteor-institut.ch\/website\/institut\/","title":{"rendered":"Top-Lehrgang"},"content":{"rendered":"<h4 style=\"text-align: left;\"><span style=\"color: #ff6600;\"><span style=\"color: #000000;\">Marketingfachleute <\/span><span style=\"color: #000000;\">mit eidg. FA<br \/>\n<\/span><\/span><\/h4>\n<p>&nbsp;<\/p>\n<p>&nbsp;<\/p>\n<p>&nbsp;<\/p>\n<p><a href=\"http:\/\/meteor-institut.ch\/website\/wp-content\/uploads\/2020\/10\/Anmeldeformular-2021-2022.pdf\"><\/p>\n<p style=\"text-align: center;\"><img loading=\"lazy\" class=\"aligncenter  wp-image-2384\" alt=\"Jetzt anmelden mit Hintergrund\" src=\"http:\/\/meteor-institut.ch\/website\/wp-content\/uploads\/2012\/08\/Jetzt-anmelden-mit-Hintergrund-300x300.jpg\" width=\"149\" height=\"149\" srcset=\"http:\/\/meteor-institut.ch\/website\/wp-content\/uploads\/2012\/08\/Jetzt-anmelden-mit-Hintergrund-300x300.jpg 300w, http:\/\/meteor-institut.ch\/website\/wp-content\/uploads\/2012\/08\/Jetzt-anmelden-mit-Hintergrund-150x150.jpg 150w, http:\/\/meteor-institut.ch\/website\/wp-content\/uploads\/2012\/08\/Jetzt-anmelden-mit-Hintergrund.jpg 922w\" sizes=\"(max-width: 149px) 100vw, 149px\" \/><\/p>\n<p><\/a><\/p>\n<p>&nbsp;<\/p>\n<p>&nbsp;<\/p>\n<p>&nbsp;<\/p>\n<p>&nbsp;<\/p>\n<p style=\"text-align: left;\">N\u00e4chster Lehrgangs-Start: 15. Februar 2021.<\/p>\n<p style=\"text-align: left;\">Mit Remote Learning f\u00fcr mehr zeitliche<\/p>\n<p style=\"text-align: left;\">und \u00f6rtliche Flexibilit\u00e4t.<\/p>\n","protected":false},"excerpt":{"rendered":"<p>Marketingfachleute mit eidg. FA &nbsp; &nbsp; &nbsp; &nbsp; &nbsp; &nbsp; &nbsp; N\u00e4chster Lehrgangs-Start: 15. Februar 2021. Mit Remote Learning f\u00fcr mehr zeitliche und \u00f6rtliche Flexibilit\u00e4t.<\/p>\n","protected":false},"author":2,"featured_media":0,"parent":0,"menu_order":0,"comment_status":"open","ping_status":"open","template":"","meta":[],"_links":{"self":[{"href":"http:\/\/meteor-institut.ch\/website\/wp-json\/wp\/v2\/pages\/2195"}],"collection":[{"href":"http:\/\/meteor-institut.ch\/website\/wp-json\/wp\/v2\/pages"}],"about":[{"href":"http:\/\/meteor-institut.ch\/website\/wp-json\/wp\/v2\/types\/page"}],"author":[{"embeddable":true,"href":"http:\/\/meteor-institut.ch\/website\/wp-json\/wp\/v2\/users\/2"}],"replies":[{"embeddable":true,"href":"http:\/\/meteor-institut.ch\/website\/wp-json\/wp\/v2\/comments?post=2195"}],"version-history":[{"count":88,"href":"http:\/\/meteor-institut.ch\/website\/wp-json\/wp\/v2\/pages\/2195\/revisions"}],"predecessor-version":[{"id":4283,"href":"http:\/\/meteor-institut.ch\/website\/wp-json\/wp\/v2\/pages\/2195\/revisions\/4283"}],"wp:attachment":[{"href":"http:\/\/meteor-institut.ch\/website\/wp-json\/wp\/v2\/media?parent=2195"}],"curies":[{"name":"wp","href":"https:\/\/api.w.org\/{rel}","templated":true}]}}