{"id":2612,"date":"2015-01-28T17:56:42","date_gmt":"2015-01-28T17:56:42","guid":{"rendered":"http:\/\/meteor-institut.ch\/website\/?page_id=2612"},"modified":"2016-05-26T09:22:38","modified_gmt":"2016-05-26T09:22:38","slug":"digital-storytelling","status":"publish","type":"page","link":"http:\/\/meteor-institut.ch\/website\/digital-storytelling\/","title":{"rendered":"Digital Storytelling"},"content":{"rendered":"<h1><span style=\"color: #ff6600;\"><strong>Digital Storytelling<\/strong><\/span><\/h1>\n<p>In unserem praxisorientierten Seminar zeigen wir Ihnen anhand von Best-Practice Beispielen die M\u00f6glichkeiten des digitalen Storytellings auf. Wie gelingt es eine Beziehung zu Kunden, Beeinflussern und Unterst\u00fctzern aufzubauen? Die Teilnehmer\/innen sind nach dem Seminar in der Lage, Geschichten zu entwickeln sowie mit Wortwelten und Metaphern die Zuh\u00f6rer emotional zu entf\u00fchren.<\/p>\n<p>&nbsp;<\/p>\n<p><strong><span style=\"text-decoration: underline;\">Tag 1: Digital Storytelling \u2013 Initiierung der Grundlagen<\/span><\/strong><\/p>\n<p>Content ist King, die Botschaft ist entscheidend. Doch wie gelingt es Botschaften zu kreieren, die nicht nur Informationen vermitteln, sondern Emotionen wecken. Themen: Einf\u00fchrung ins Storytelling, Bedeutung des Digital Storytellings im Unternehmen. Warum sind Geschichten in der heutigen Zeit so wichtig? Geschichtssinn aktivieren, Themen finden, Geschichten entwickeln, Geschichten strukturieren sowie das Aufzeigen von Best Case-Beispielen.<\/p>\n<p>&nbsp;<\/p>\n<p><span style=\"text-decoration: underline;\"><strong>Tag 2: Kerngeschichte und Struktur<\/strong><\/span><\/p>\n<p>Jede gute Geschichte braucht einen \u201eHelden\u201c mit dem sich ihre Zuh\u00f6rer identifizieren. Egal, ob Sie ein Unternehmen, eine Marke, eine Person oder ein Produkt richtig darstellen m\u00f6chten. Themen: Entwicklung der Kerngeschichte, was vermittelt die Botschaft der Geschichte? Die Architektur erfolgreicher Kampagnen, wie entsteht ein Spannungsbogen, was ist entscheidend f\u00fcr die Positionierung der unterschiedlichen Protagonisten? Welche Gef\u00fchle l\u00f6st die Geschichte aus? Ist das Konzept dramaturgisch interessant inszeniert?<\/p>\n<p>&nbsp;<\/p>\n<p><strong><span style=\"text-decoration: underline;\">Tag 3: Kein Storytelling ohne Zuh\u00f6rer<\/span> <\/strong><\/p>\n<p><strong><a href=\"mailto:felix.murbach@murba.ch\"><img loading=\"lazy\" class=\"alignright\" title=\"Seminar - Digital Storytelling by www.murba.ch\" alt=\"\" src=\"http:\/\/www.murba.ch\/blog\/wp-content\/uploads\/2014\/09\/businessman-ipad1-300x112.jpg\" width=\"300\" height=\"112\" \/><\/a><\/strong>Facebook, YouTube, Twitter und Co. erm\u00f6glichen es, Unterst\u00fctzer aktiv in die Kommunikation einzubinden und Ihnen die Chance zu geben, als Protagonist Teil der Geschichte zu werden. Themen: Formen des Storytelling im Marketing, Einbindung des Storytelling in die Social Media-Welt. Wie bekomme ich Unterst\u00fctzer dazu, meine Stories und Inhalte zu teilen bzw. weiter zu verbreiten? Passen die Geschichte und alle ihre Elemente zum Unternehmen und zur gew\u00e4hlten Zielgruppe? Was lassen sich \u201cStories\u201d besonders effektiv im digitalen Kontext erz\u00e4hlen?<\/p>\n<p>&nbsp;<\/p>\n<p><span style=\"text-decoration: underline;\"><strong>Tag 4: Storytelling in der Unternehmenskommunikation<\/strong><\/span><\/p>\n<p>Die Einbindung des Storytelling der internen und externen Unternehmenskommunikation nimmt immer eine gr\u00f6ssere Bedeutung ein. Wie erreichen wir in der Informationsflut die Zielgruppe? Sind konventionelle Marketing Taktiken an ihre Grenzen gekommen. Themen: Was bedeutet Storytelling f\u00fcr die Inszenierung von Unternehmen, Produkten, Kunden sowie Beeinflusser? Von der Information zur Emotion. Mit Hilfe von Keyw\u00f6rtern die eigene Webseite st\u00e4rken. Das Einbinden von frei definierbaren Schlagw\u00f6rtern in die Geschichte.<\/p>\n<p>&nbsp;<\/p>\n<p><span style=\"text-decoration: underline;\"><strong>Tag 5: Storytelling Workshop \u201cGeschichtentag\u201d<\/strong><\/span><\/p>\n<p>Im Abschlussworkshop erarbeiten wir mit den Teilnehmern aktuelle Fragestellungen bzw. Kampagnen. Ziel: Die Entwicklung einer eigenen digitalen Content Marketing Strategie. Pr\u00e4sentation am Nachmittag des f\u00fcnften Tages. Themen: Entwicklung eigener Stories, Pr\u00e4sentation der Workshop Ergebnisse, Coaching und Feedback durch Referenten sowie durch das Plenum, Key Learnings an alle Teilnehmer\/innen, Zusammenfassung sowie weiteres Vorgehen.<\/p>\n<p>&nbsp;<\/p>\n<p><span style=\"text-decoration: underline;\"><strong>Seminarleitung<\/strong><\/span><br \/>\nFelix M. Murbach, Master of Marketing UniBS<\/p>\n<p>&nbsp;<\/p>\n<p><span style=\"text-decoration: underline;\"><strong>Seminardatum<\/strong><\/span><br \/>\nDieses Seminar f\u00fchren wir firmenintern durch. Bitte fordern Sie unsere Offerte an.<\/p>\n<p>&nbsp;<\/p>\n<p><span style=\"text-decoration: underline;\"><strong>Seminargeb\u00fchr<\/strong><\/span><br \/>\nCHF 2\u2019500.-, pro Person, inkl. Pausengetr\u00e4nke und Dokumentation.<\/p>\n<p>&nbsp;<\/p>\n<p><strong><span style=\"text-decoration: underline;\">Dauer des Seminars<\/span><br \/>\n<\/strong>5 Tage, Daten in Absprache mit den Teilnehmenden.<\/p>\n<p>&nbsp;<\/p>\n<p><span style=\"text-decoration: underline;\"><strong>Abschluss<\/strong><\/span><br \/>\nDie Teilnehmer\/Innen erhalten ein Abschlusszertifikat.<\/p>\n<p>&nbsp;<\/p>\n<p><span style=\"text-decoration: underline;\"><strong>Seminar-Ort<\/strong><\/span><br \/>\nFelix Murbach Marketing, Neustadt 2, CH-8200 Schaffhausen oder nach Vereinbarung.<\/p>\n<p>&nbsp;<\/p>\n<p><span style=\"text-decoration: underline;\"><strong>Anmeldung<\/strong><\/span><br \/>\nFrau Maya Huber nimmt Ihre Anmeldungen gerne entgegen. Melden Sie sich heute noch an, wir freuen uns auf Ihre <em><span style=\"text-decoration: underline;\"><span style=\"color: #800000; text-decoration: underline;\"><a href=\"http:\/\/www.murba.ch\/contact\/\"><span style=\"color: #800000; text-decoration: underline;\">Teilnahme<\/span><\/a><\/span><\/span><\/em>.<\/p>\n","protected":false},"excerpt":{"rendered":"<p>Digital Storytelling In unserem praxisorientierten Seminar zeigen wir Ihnen anhand von Best-Practice Beispielen die M\u00f6glichkeiten des digitalen Storytellings auf. Wie gelingt es eine Beziehung zu Kunden, Beeinflussern und Unterst\u00fctzern aufzubauen? Die Teilnehmer\/innen sind nach dem Seminar in der Lage, Geschichten zu entwickeln sowie mit Wortwelten und Metaphern die Zuh\u00f6rer emotional zu entf\u00fchren. &nbsp; Tag 1: [&hellip;]<\/p>\n","protected":false},"author":2,"featured_media":3593,"parent":0,"menu_order":0,"comment_status":"open","ping_status":"open","template":"page-template-full.php","meta":[],"_links":{"self":[{"href":"http:\/\/meteor-institut.ch\/website\/wp-json\/wp\/v2\/pages\/2612"}],"collection":[{"href":"http:\/\/meteor-institut.ch\/website\/wp-json\/wp\/v2\/pages"}],"about":[{"href":"http:\/\/meteor-institut.ch\/website\/wp-json\/wp\/v2\/types\/page"}],"author":[{"embeddable":true,"href":"http:\/\/meteor-institut.ch\/website\/wp-json\/wp\/v2\/users\/2"}],"replies":[{"embeddable":true,"href":"http:\/\/meteor-institut.ch\/website\/wp-json\/wp\/v2\/comments?post=2612"}],"version-history":[{"count":17,"href":"http:\/\/meteor-institut.ch\/website\/wp-json\/wp\/v2\/pages\/2612\/revisions"}],"predecessor-version":[{"id":3166,"href":"http:\/\/meteor-institut.ch\/website\/wp-json\/wp\/v2\/pages\/2612\/revisions\/3166"}],"wp:featuredmedia":[{"embeddable":true,"href":"http:\/\/meteor-institut.ch\/website\/wp-json\/wp\/v2\/media\/3593"}],"wp:attachment":[{"href":"http:\/\/meteor-institut.ch\/website\/wp-json\/wp\/v2\/media?parent=2612"}],"curies":[{"name":"wp","href":"https:\/\/api.w.org\/{rel}","templated":true}]}}