{"id":262,"date":"2012-08-24T07:08:06","date_gmt":"2012-08-24T07:08:06","guid":{"rendered":"http:\/\/meteor-institut.ch\/website\/?page_id=262"},"modified":"2019-01-08T13:52:29","modified_gmt":"2019-01-08T13:52:29","slug":"seminare","status":"publish","type":"page","link":"http:\/\/meteor-institut.ch\/website\/seminare\/","title":{"rendered":"Seminare &#038; Workshops"},"content":{"rendered":"<h1><span style=\"color: #ff6600;\"><strong>Die Seminare der Felix Murbach Marketing<\/strong>\u2122<strong>.\u00a0<\/strong><\/span><\/h1>\n<p>&nbsp;<\/p>\n<p>Das <a href=\"http:\/\/meteor-institut.ch\/website\/seminare\/attachment\/feedback-formular\/\" rel=\"attachment wp-att-1909\"><img loading=\"lazy\" class=\"alignright  wp-image-1909\" alt=\"Feedback Felix Murbach\" src=\"http:\/\/meteor-institut.ch\/website\/wp-content\/uploads\/2012\/08\/Feedback-Formular-798x1024.png\" width=\"232\" height=\"298\" srcset=\"http:\/\/meteor-institut.ch\/website\/wp-content\/uploads\/2012\/08\/Feedback-Formular-798x1024.png 798w, http:\/\/meteor-institut.ch\/website\/wp-content\/uploads\/2012\/08\/Feedback-Formular-233x300.png 233w, http:\/\/meteor-institut.ch\/website\/wp-content\/uploads\/2012\/08\/Feedback-Formular.png 896w\" sizes=\"(max-width: 232px) 100vw, 232px\" \/><\/a>vorliegende Seminarprogramm informiert Sie \u00fcber unser aktuelles Angebot. <span style=\"text-decoration: underline;\">Alle Seminare in diesem Programm f\u00fchren wir \u00f6ffentlich oder firmenintern durch.<\/span> Ob Einzelcoaching, Gruppenseminar oder Refreshing-Kurs: wir entwickeln massgeschneiderte Seminare f\u00fcr Sie. Unsere Coaches sind ausgewiesene Fachleute mit fundierter Erfahrung in der Erwachsenenbildung.<\/p>\n<p>&nbsp;<\/p>\n<p><strong><span style=\"text-decoration: underline;\">Sie erhalten messbaren Nutzen und Praxis-Know How aus einer Hand<\/span><\/strong><br \/>\n&#8211; Einzelcoaching<br \/>\n&#8211; Gruppenseminar<br \/>\n&#8211; Refreshing-Kurs<\/p>\n<p>&nbsp;<\/p>\n<h1><span style=\"color: #ff6600;\">Teilnehmer-Stimmen<\/span><\/h1>\n<p><i>\u201eSehr geehrter Herr Murbach, vielen herzlichen Dank f\u00fcr den spannenden und lehrreichen Tag, den wir mit Ihnen verbringen durften. Kompliment, das hat einfach &#8222;mega&#8220; Spass gemacht und ich w\u00fcrde mich sehr freuen, wenn unser Unternehmen auch in Zukunft weitere Anl\u00e4sse mit Ihnen durchf\u00fchren w\u00fcrde. Freundliche Gr\u00fcsse, Daniel B.\u201c<\/i><\/p>\n<p><em>\u201eDas beste Seminar und den besten Leiter seit Jahren, hervorragend engagierter Referent mit interessantem Stoff, Seminarteilnehmer wurden voll einbezogen. <\/em><\/p>\n<p>&nbsp;<\/p>\n<p><i>\u201eLieber Herr Murbach. F\u00fcr das \u00e4usserst lebhafte, informative und eindr\u00fcckliche Seminar m\u00f6chte ich Ihnen herzlich danken. In einer tollen Atmosph\u00e4re haben Sie mir viel wertvolles Wissen und wichtige Anregungen mit \u00a0auf den Weg gegeben. Freundliche Gr\u00fcsse, Roger S.\u201c<\/i><\/p>\n<p>&nbsp;<\/p>\n<p>&nbsp;<\/p>\n<p>&nbsp;<\/p>\n<h1><\/h1>\n<h1><span style=\"color: #ff6600;\"><strong><strong>So macht Lernen Spass.<\/strong><\/strong><\/span><\/h1>\n<h3><strong><strong>\u00a0<\/strong><\/strong><\/h3>\n","protected":false},"excerpt":{"rendered":"<p>Die Seminare der Felix Murbach Marketing\u2122.\u00a0 &nbsp; Das vorliegende Seminarprogramm informiert Sie \u00fcber unser aktuelles Angebot. Alle Seminare in diesem Programm f\u00fchren wir \u00f6ffentlich oder firmenintern durch. Ob Einzelcoaching, Gruppenseminar oder Refreshing-Kurs: wir entwickeln massgeschneiderte Seminare f\u00fcr Sie. Unsere Coaches sind ausgewiesene Fachleute mit fundierter Erfahrung in der Erwachsenenbildung. &nbsp; Sie erhalten messbaren Nutzen und [&hellip;]<\/p>\n","protected":false},"author":2,"featured_media":3947,"parent":0,"menu_order":0,"comment_status":"closed","ping_status":"closed","template":"page-template-full.php","meta":[],"_links":{"self":[{"href":"http:\/\/meteor-institut.ch\/website\/wp-json\/wp\/v2\/pages\/262"}],"collection":[{"href":"http:\/\/meteor-institut.ch\/website\/wp-json\/wp\/v2\/pages"}],"about":[{"href":"http:\/\/meteor-institut.ch\/website\/wp-json\/wp\/v2\/types\/page"}],"author":[{"embeddable":true,"href":"http:\/\/meteor-institut.ch\/website\/wp-json\/wp\/v2\/users\/2"}],"replies":[{"embeddable":true,"href":"http:\/\/meteor-institut.ch\/website\/wp-json\/wp\/v2\/comments?post=262"}],"version-history":[{"count":147,"href":"http:\/\/meteor-institut.ch\/website\/wp-json\/wp\/v2\/pages\/262\/revisions"}],"predecessor-version":[{"id":266,"href":"http:\/\/meteor-institut.ch\/website\/wp-json\/wp\/v2\/pages\/262\/revisions\/266"}],"wp:featuredmedia":[{"embeddable":true,"href":"http:\/\/meteor-institut.ch\/website\/wp-json\/wp\/v2\/media\/3947"}],"wp:attachment":[{"href":"http:\/\/meteor-institut.ch\/website\/wp-json\/wp\/v2\/media?parent=262"}],"curies":[{"name":"wp","href":"https:\/\/api.w.org\/{rel}","templated":true}]}}