{"id":2678,"date":"2019-01-01T11:03:42","date_gmt":"2019-01-01T11:03:42","guid":{"rendered":"http:\/\/meteor-institut.ch\/website\/?page_id=2678"},"modified":"2019-03-01T11:07:31","modified_gmt":"2019-03-01T11:07:31","slug":"kommunikations-manager","status":"publish","type":"page","link":"http:\/\/meteor-institut.ch\/website\/kommunikations-manager\/","title":{"rendered":"Kommunikationsmanager"},"content":{"rendered":"<h1><span style=\"color: #ff6600;\">Zertifikatskurs &#8211; Kommunikations-Manager\/in<\/span><\/h1>\n<p>Neu f\u00fchrt meteor, das Marketinginstitut by Felix Murbach den Zertifikatskurs zum\/zur <strong>Kommunikations-Manager\/in <\/strong>durch. Der Kommunikations-Manager ist verantwortlich f\u00fcr den Aufbau und den Prozess eines einheitlichen und abgerundeten Auftritts des Unternehmens nach innen und nach aussen. Er\/sie stimmt Botschaft, Auftritt sowie Instrumente auf die Zielgruppe ab und sch\u00f6pft dabei Synergien durch Vernetzung der Einzelmassnahmen.<\/p>\n<p><a href=\"http:\/\/meteor-institut.ch\/website\/meteor\/attachment\/56\/\" rel=\"attachment wp-att-3840\"><img loading=\"lazy\" class=\"alignright size-medium wp-image-3840\" alt=\"meteor Marketinginstitut by Felix Murbach\" src=\"http:\/\/meteor-institut.ch\/website\/wp-content\/uploads\/2012\/08\/56-300x112.jpg\" width=\"300\" height=\"112\" srcset=\"http:\/\/meteor-institut.ch\/website\/wp-content\/uploads\/2012\/08\/56-300x112.jpg 300w, http:\/\/meteor-institut.ch\/website\/wp-content\/uploads\/2012\/08\/56-1024x384.jpg 1024w\" sizes=\"(max-width: 300px) 100vw, 300px\" \/><\/a>Wir freuen uns, Dich in den topmodernen R\u00e4umlichkeiten unseres innovativen Instituts zu begr\u00fcssen. Die Infrastruktur entspricht den heutigen Bed\u00fcrfnissen von Seminarteilnehmer\/innen. Grosse Arbeitstische, smarte Steh- und Sitzm\u00f6glichkeiten bieten Raum f\u00fcr kreatives Arbeiten.<\/p>\n<p>&nbsp;<\/p>\n<div><\/div>\n<div><\/div>\n<h1><span style=\"color: #ff6600;\">Kursinhalte<\/span><\/h1>\n<div>\n<p><b>Tag 1: Marketing- und Kommunikationsgrundlagen<br \/>\n<\/b>Vom Transaktions- zum Beziehungsmarketing. Festlegung der Teilm\u00e4rkte, Segmente, Gesch\u00e4ftsfelder und -einheiten. Definition der Segmente, Wahrnehmung des Auftritts mit Marktforschungs-Daten, Erarbeitung einer ausf\u00fchrlichen SWOT-Analyse.<\/p>\n<p><b>Tag 2: Positionierung und Strategie<br \/>\n<\/b>Wie kann ich mich im Kopf der Kunden platzieren? Festlegung der Positionierung, Ausarbeitung der Ziele und Zielgruppen f\u00fcr den einheitlicihen der Kommunikationsauftritt.<\/p>\n<p><b>Tag 3: Einsatz der Kommunikationsinstrumente<br \/>\n<\/b>Einsatz der Kommunikationsinstrumente, Above- sowie Below the Line. Einbindung der Off- und Online-Kan\u00e4le zu einem crossmedialen Auftritt Deines Unternehmens unter Ber\u00fccksichtigung der formellen, inhaltlichen und zeitlichen Aspekte.<\/p>\n<p><b>Tag 4: Wie pr\u00e4sentiere ich richtig<br \/>\n<\/b>Verbale- und nonverbale Kommunikation. Wie werden Botschaften richtig vermittelt? Wie pr\u00e4sentiere ich vor versammeltem Plenum, wie ist meine Stimmen, Modulation, Gestik und Mimik?<\/p>\n<p><b>Tag 5: Echtfall-Studie und Pr\u00e4sentation<\/b><br \/>\nZum Abschluss des Zertifikatskurses erh\u00e4lt jede\/r Teilnehmer\/in eine Fallstudie zur Ausarbeitung. Pr\u00e4sentation und Reflexion vor dem Plenum.<\/p>\n<p><a href=\"mailto:felix.murbach@murba.ch\" target=\"_blank\"><span style=\"color: #800000;\"><em><span style=\"text-decoration: underline;\"><span style=\"color: #800000; text-decoration: underline;\">=&gt;<\/span><\/span><\/em> <\/span><\/a>verlange bitte unverbindlich eine Beratung.<\/p>\n<p>&nbsp;<\/p>\n<h1><span style=\"color: #ff6600;\">Betreuung &amp; Fachreferenten<\/span><\/h1>\n<\/div>\n<div>\n<div>\n<p><a href=\"http:\/\/meteor-institut.ch\/website\/kommunikations-manager\/attachment\/murbach_felix_raw-252-edit_social-media\/\" rel=\"attachment wp-att-3569\"><img loading=\"lazy\" class=\"alignleft size-thumbnail wp-image-3569\" alt=\"Felix Murbach\" src=\"http:\/\/meteor-institut.ch\/website\/wp-content\/uploads\/2015\/07\/Murbach_Felix_RAW-252-Edit_Social-Media-150x150.jpg\" width=\"150\" height=\"150\" srcset=\"http:\/\/meteor-institut.ch\/website\/wp-content\/uploads\/2015\/07\/Murbach_Felix_RAW-252-Edit_Social-Media-150x150.jpg 150w, http:\/\/meteor-institut.ch\/website\/wp-content\/uploads\/2015\/07\/Murbach_Felix_RAW-252-Edit_Social-Media-300x300.jpg 300w, http:\/\/meteor-institut.ch\/website\/wp-content\/uploads\/2015\/07\/Murbach_Felix_RAW-252-Edit_Social-Media-1024x1024.jpg 1024w, http:\/\/meteor-institut.ch\/website\/wp-content\/uploads\/2015\/07\/Murbach_Felix_RAW-252-Edit_Social-Media.jpg 1241w\" sizes=\"(max-width: 150px) 100vw, 150px\" \/><\/a><a href=\"http:\/\/meteor-institut.ch\/website\/kommunikations-manager\/attachment\/beatrice-mueller\/\" rel=\"attachment wp-att-3570\"><img loading=\"lazy\" class=\"alignleft size-thumbnail wp-image-3570\" alt=\"Beatrice Mueller\" src=\"http:\/\/meteor-institut.ch\/website\/wp-content\/uploads\/2015\/07\/Beatrice-Mueller-150x150.jpg\" width=\"150\" height=\"150\" srcset=\"http:\/\/meteor-institut.ch\/website\/wp-content\/uploads\/2015\/07\/Beatrice-Mueller-150x150.jpg 150w, http:\/\/meteor-institut.ch\/website\/wp-content\/uploads\/2015\/07\/Beatrice-Mueller.jpg 245w\" sizes=\"(max-width: 150px) 100vw, 150px\" \/><\/a>Die Kursteilnehmer\/innen werden durch den Marketing- und Kommunikations-Experten Felix M. Murbach betreut. Wir freuen uns, dir mit &#8222;SRF-Anchor Woman&#8220; <span style=\"text-decoration: underline;\"><strong>Beatrice M\u00fcller<\/strong><\/span> eine Top-Referentin zum Block-Tag 4 pr\u00e4sentieren zu k\u00f6nnen. Verlange heute noch ein pers\u00f6nliches und unverbindliches Beratungsgespr\u00e4ch f\u00fcr diesen exklusiven und lehrreichen Zertifikatskurs unter Tel. +41 52 670 18 21.<\/p>\n<p>&nbsp;<\/p>\n<h1><\/h1>\n<p>&nbsp;<\/p>\n<h1><span style=\"color: #ff6600;\">Kursteilnehmer\/innen<\/span><\/h1>\n<\/div>\n<p>Die Kursteilnehmer\/innen verf\u00fcgen bereits \u00fcber eine solide Grundausbildung im Marketing, Verkauf oder Kommunikation etc. und arbeiten seit einigen Jahren im Bereich Marketing, Kommunikation, Dialogmarketing, Public Relations, PR, Sponsoring, Events, Messen oder Social Media in verantwortungsvoller Position.<\/p>\n<p>&nbsp;<\/p>\n<h1><span style=\"color: #ff6600;\">Zertifikatskurs<\/span><\/h1>\n<\/div>\n<div>\n<p>Kursdauer: 5 Tage (40 Lektionen) jeweils am Samstag von 08.30 &#8211; 15.45 Uhr <a href=\"mailto:felix.murbach@murba.ch\">=&gt;<\/a> fordere bitte den den Seminar Splash an.<br \/>\nTeilnehmende: max. 8 Teilnehmer\/innen pro Zertifikatskurs, die Pl\u00e4tze sind begrenzt<br \/>\nAbschluss-Zertifikat: Kommunikations-Manager\/in.<\/p>\n<p>&nbsp;<\/p>\n<\/div>\n<div>\n<h1><span style=\"color: #ff6600;\">Kosten<\/span><\/h1>\n<\/div>\n<div>\n<p>Unterrichtslektionen inklusive Lehrmittel, Unterrichtsunterlagen sowie Echtfallstudie: CHF 3&#8217;800.-.<br \/>\nFr\u00fchbucher-Rabatt: <strong>10%<\/strong>!<\/p>\n<p>&nbsp;<\/p>\n<div>\n<h1><span style=\"color: #ff6600;\">Anmeldung &amp; Kontakt<\/span><\/h1>\n<\/div>\n<div>\n<p>Der Schulleiter Felix M. Murbach steht dir jederzeit sehr gerne f\u00fcr ein <span style=\"text-decoration: underline; color: #800000;\"><em><a href=\"http:\/\/meteor-institut.ch\/website\/kontakt\/\"><span style=\"color: #800000; text-decoration: underline;\">pers\u00f6nliches Beratungsgespr\u00e4ch<\/span><\/a><\/em><\/span> zur Verf\u00fcgung.<\/p>\n<p>&nbsp;<\/p>\n<h1>\u00a0<span style=\"color: #ff6600;\">Teilnehmer-Feedback<\/span><\/h1>\n<p>\u00abKennen Sie die 5 M? Am Morgen vor dem Seminar m\u00fcde und gestresst, am Abend nach dem Seminar munter und voll motiviert. Die 5 M? Murbach Macht M\u00fcde M\u00e4nner (M\u00e4dels?) Munter! Nochmals herzlichen Dank f\u00fcr die goldenen Inputs!\u00bb<\/p>\n<h3><\/h3>\n<h1><span style=\"color: #ff6600;\"><strong><strong>Wir lehren was wir leben.<\/strong><\/strong><\/span><\/h1>\n<\/div>\n<\/div>\n","protected":false},"excerpt":{"rendered":"<p>Zertifikatskurs &#8211; Kommunikations-Manager\/in Neu f\u00fchrt meteor, das Marketinginstitut by Felix Murbach den Zertifikatskurs zum\/zur Kommunikations-Manager\/in durch. Der Kommunikations-Manager ist verantwortlich f\u00fcr den Aufbau und den Prozess eines einheitlichen und abgerundeten Auftritts des Unternehmens nach innen und nach aussen. Er\/sie stimmt Botschaft, Auftritt sowie Instrumente auf die Zielgruppe ab und sch\u00f6pft dabei Synergien durch Vernetzung der [&hellip;]<\/p>\n","protected":false},"author":2,"featured_media":3854,"parent":0,"menu_order":0,"comment_status":"open","ping_status":"open","template":"page-template-full.php","meta":[],"_links":{"self":[{"href":"http:\/\/meteor-institut.ch\/website\/wp-json\/wp\/v2\/pages\/2678"}],"collection":[{"href":"http:\/\/meteor-institut.ch\/website\/wp-json\/wp\/v2\/pages"}],"about":[{"href":"http:\/\/meteor-institut.ch\/website\/wp-json\/wp\/v2\/types\/page"}],"author":[{"embeddable":true,"href":"http:\/\/meteor-institut.ch\/website\/wp-json\/wp\/v2\/users\/2"}],"replies":[{"embeddable":true,"href":"http:\/\/meteor-institut.ch\/website\/wp-json\/wp\/v2\/comments?post=2678"}],"version-history":[{"count":111,"href":"http:\/\/meteor-institut.ch\/website\/wp-json\/wp\/v2\/pages\/2678\/revisions"}],"predecessor-version":[{"id":4090,"href":"http:\/\/meteor-institut.ch\/website\/wp-json\/wp\/v2\/pages\/2678\/revisions\/4090"}],"wp:featuredmedia":[{"embeddable":true,"href":"http:\/\/meteor-institut.ch\/website\/wp-json\/wp\/v2\/media\/3854"}],"wp:attachment":[{"href":"http:\/\/meteor-institut.ch\/website\/wp-json\/wp\/v2\/media?parent=2678"}],"curies":[{"name":"wp","href":"https:\/\/api.w.org\/{rel}","templated":true}]}}