{"id":268,"date":"2012-08-24T07:20:13","date_gmt":"2012-08-24T07:20:13","guid":{"rendered":"http:\/\/meteor-institut.ch\/website\/?page_id=268"},"modified":"2016-06-03T11:07:26","modified_gmt":"2016-06-03T11:07:26","slug":"em","status":"publish","type":"page","link":"http:\/\/meteor-institut.ch\/website\/em\/","title":{"rendered":"Marketing ist einfach"},"content":{"rendered":"<h1><span style=\"color: #ff6600;\"><strong>Marketing ist einfach<\/strong><\/span><\/h1>\n<p>Wer meint, Marketing sei furchtbar kompliziert, kann sich vom Gegenteil \u00fcberzeugen lassen. Der Experte Felix Murbach zeigt Ihnen, wie einfach, effektiv und auch kosteng\u00fcnstig Marketing ist \u2013 wenn es nur richtig gemacht wird. Profitieren Sie von seinen praktischen Tipps und stossen Sie mit uns auf Ihren Marketing-Erfolg an! In diesem Kurs erhalten Sie kurz und b\u00fcndig das relevanteste Marketing Know How f\u00fcr Ihren Berufsalltag. Wenden Sie das Erlernte an und gewinnen Sie wertvolle Inputs aus den Gespr\u00e4chen mit anderen Kursteilnehmenden. Mehr Informationen dazu im <em><span style=\"text-decoration: underline;\"><span style=\"color: #ff6600; text-decoration: underline;\"><a href=\"http:\/\/meteor-institut.ch\/website\/wp-content\/uploads\/2016\/06\/Seminar-Splash-Marketing-ist-einfach.pdf\" target=\"_blank\"><span style=\"color: #ff6600; text-decoration: underline;\">Seminar-Splash<\/span><\/a>.<\/span><\/span><\/em><\/p>\n<p>&nbsp;<\/p>\n<p><strong><span style=\"text-decoration: underline;\"><a href=\"http:\/\/meteor-institut.ch\/website\/seminare\/attachment\/murbach_felix_raw-246-edit_web\/\" rel=\"attachment wp-att-2979\"><img loading=\"lazy\" class=\"alignright size-medium wp-image-2979\" alt=\"Felix Murbach in Action\" src=\"http:\/\/meteor-institut.ch\/website\/wp-content\/uploads\/2012\/08\/Murbach_Felix_RAW-246-Edit_Web-300x112.jpg\" width=\"300\" height=\"112\" srcset=\"http:\/\/meteor-institut.ch\/website\/wp-content\/uploads\/2012\/08\/Murbach_Felix_RAW-246-Edit_Web-300x112.jpg 300w, http:\/\/meteor-institut.ch\/website\/wp-content\/uploads\/2012\/08\/Murbach_Felix_RAW-246-Edit_Web-1024x384.jpg 1024w\" sizes=\"(max-width: 300px) 100vw, 300px\" \/><\/a>Inhalt<\/span><br \/>\n<\/strong><\/p>\n<p>+ Die gelebte Firmenvision und -strategie<br \/>\n+ Die glasklare Positionierung<br \/>\n+ Wie werden Ziele definiert<br \/>\n+ Entwickeln von Marketingstrategien<br \/>\n+ Wirksame Kommunikationsmassnahmen<br \/>\n+ Wie gewinne und behalte ich neue Kunden<br \/>\n+ Verkauf, Marketing und Produktentwicklung optimal auf die Kundenbed\u00fcrfnisse abstimmen<br \/>\n+ Innovationsmanagement und Entwicklung zuk\u00fcnftiger Erfolgspotentiale<br \/>\n+ Mund zu Mund Marketing<\/p>\n<p><span style=\"text-decoration: underline;\"><strong>Teilnehmer<\/strong><\/span><br \/>\n+ Alle Personen, die selbst\u00e4ndig und t\u00e4glich\u00a0Kunden betreuen und ihre Einstellung optimieren m\u00f6chten.<\/p>\n<p><span style=\"text-decoration: underline;\"><strong>Nutzen<\/strong><\/span><br \/>\nNach diesem Seminar sind die Teilnehmer in der Lage, ihr Marketing ohne grosse Budgets, mit vielen Ideen, Inputs und Tipps neu zu sehen. Sie werden einige AHA-Erlebnisse und neue Erkenntnisse im Marketing Bereich \u201emit auf den Heimweg nehmen\u201c.<\/p>\n<p><strong><span style=\"text-decoration: underline;\">Seminarleitung<\/span><br \/>\n<\/strong>Felix M. Murbach, Master of Marketing UniBS<\/p>\n<p><span style=\"text-decoration: underline;\"><strong>Seminardatum<\/strong><\/span><br \/>\nDieses Seminar f\u00fchren wir \u00f6ffentlich oder firmenintern durch. Bitte fordern Sie unsere Offerte an.<\/p>\n<p><span style=\"text-decoration: underline;\"><strong>Seminargeb\u00fchr<\/strong><\/span><br \/>\nCHF 780.-, inkl. Pausengetr\u00e4nke und Dokumentation.<\/p>\n<p><strong><span style=\"text-decoration: underline;\">Dauer des Seminars<\/span><br \/>\n<\/strong>9 &#8211; 16.30 Uhr<\/p>\n<p><span style=\"text-decoration: underline;\"><strong>Abschluss<\/strong><\/span><br \/>\nDie Teilnehmer\/Innen erhalten ein Abschlusszertifikat.<\/p>\n<p><span style=\"text-decoration: underline;\"><strong>Seminar-Ort<\/strong><\/span><br \/>\nFelix Murbach Marketing, Neustadt 2, CH-8200 Schaffhausen oder nach Vereinbarung.<\/p>\n<p><span style=\"text-decoration: underline;\"><strong>Anmeldung<\/strong><\/span><br \/>\nFrau Maya Huber nimmt Ihre Anmeldungen gerne entgegen. Melden Sie sich heute noch an, wir freuen uns auf Ihre <span style=\"color: #ff6600;\"><a href=\"http:\/\/meteor-institut.ch\/website\/kontakt\/\" target=\"_blank\"><span style=\"color: #ff6600;\">Teilnahme<\/span><\/a><\/span>.<\/p>\n<p>&nbsp;<\/p>\n<p>\u00abWir haben Felix Murbach als externen Berater f\u00fcr die Durchf\u00fchrung eines Workshops beigezogen. Wir m\u00f6chten uns herzlich bei Herr Murbach bedanken f\u00fcr die kompetente und erfolgreiche Durchf\u00fchrung des Workshops!\u00bb <strong>David Kummer, Merchandiser Do it + Garden Migros Ostschweiz<\/strong><\/p>\n<div><strong><br \/>\n<\/strong><\/div>\n","protected":false},"excerpt":{"rendered":"<p>Marketing ist einfach Wer meint, Marketing sei furchtbar kompliziert, kann sich vom Gegenteil \u00fcberzeugen lassen. Der Experte Felix Murbach zeigt Ihnen, wie einfach, effektiv und auch kosteng\u00fcnstig Marketing ist \u2013 wenn es nur richtig gemacht wird. Profitieren Sie von seinen praktischen Tipps und stossen Sie mit uns auf Ihren Marketing-Erfolg an! In diesem Kurs erhalten [&hellip;]<\/p>\n","protected":false},"author":2,"featured_media":2975,"parent":0,"menu_order":0,"comment_status":"closed","ping_status":"closed","template":"page-template-full.php","meta":[],"_links":{"self":[{"href":"http:\/\/meteor-institut.ch\/website\/wp-json\/wp\/v2\/pages\/268"}],"collection":[{"href":"http:\/\/meteor-institut.ch\/website\/wp-json\/wp\/v2\/pages"}],"about":[{"href":"http:\/\/meteor-institut.ch\/website\/wp-json\/wp\/v2\/types\/page"}],"author":[{"embeddable":true,"href":"http:\/\/meteor-institut.ch\/website\/wp-json\/wp\/v2\/users\/2"}],"replies":[{"embeddable":true,"href":"http:\/\/meteor-institut.ch\/website\/wp-json\/wp\/v2\/comments?post=268"}],"version-history":[{"count":62,"href":"http:\/\/meteor-institut.ch\/website\/wp-json\/wp\/v2\/pages\/268\/revisions"}],"predecessor-version":[{"id":3632,"href":"http:\/\/meteor-institut.ch\/website\/wp-json\/wp\/v2\/pages\/268\/revisions\/3632"}],"wp:featuredmedia":[{"embeddable":true,"href":"http:\/\/meteor-institut.ch\/website\/wp-json\/wp\/v2\/media\/2975"}],"wp:attachment":[{"href":"http:\/\/meteor-institut.ch\/website\/wp-json\/wp\/v2\/media?parent=268"}],"curies":[{"name":"wp","href":"https:\/\/api.w.org\/{rel}","templated":true}]}}