{"id":277,"date":"2012-08-24T07:25:04","date_gmt":"2012-08-24T07:25:04","guid":{"rendered":"http:\/\/meteor-institut.ch\/website\/?page_id=277"},"modified":"2016-02-22T12:44:58","modified_gmt":"2016-02-22T12:44:58","slug":"dialogmarketing","status":"publish","type":"page","link":"http:\/\/meteor-institut.ch\/website\/dialogmarketing\/","title":{"rendered":"Dialogmarketing"},"content":{"rendered":"<h1><span style=\"color: #ff6600;\"><strong>Dialogmarketing<\/strong><\/span><\/h1>\n<p>Tausende von Informationen str\u00f6men t\u00e4glich auf uns ein. Wir sind also gefordert uns von dieser Masse abzuheben. Dialogmarketing geht \u00fcber postalische Direct Mailings l\u00e4ngst hinaus. Erfahren Sie heute wie Sie im Dialog Marketing mit exklusivem Kampagnenmanagement erfolgreich Kunden gewinnen und nachhaltig binden.<strong><br \/>\n<\/strong><\/p>\n<p>&nbsp;<\/p>\n<p><span style=\"text-decoration: underline;\"><strong>Inhalt<\/strong><\/span><a href=\"http:\/\/www.murba.ch\/portfolio\/ekz-zurich\/\" target=\"_blank\" rel=\"attachment wp-att-1745\"><img loading=\"lazy\" class=\"alignright size-thumbnail wp-image-1745\" alt=\"EKZb2\" src=\"http:\/\/meteor-institut.ch\/website\/wp-content\/uploads\/2012\/08\/EKZb2-150x150.jpg\" width=\"150\" height=\"150\" \/><\/a><br \/>\n+ Pers\u00f6nlichste Ansprache<br \/>\n+ Nutzung neuer Technologien<br \/>\n+ Br\u00fcckenschlag von Papier und Internet<br \/>\n+ Aufbau eigener, personalisierter Webseiten<br \/>\n+ Einsatz neuer Medien<br \/>\n+ Communities und Social Media Marketing<br \/>\n+ Erfolgsmessung der Kampagne<\/p>\n<p><span style=\"text-decoration: underline;\"><strong>Teilnehmer<a href=\"http:\/\/www.murba.ch\/portfolio\/ekz-zurich\/\" target=\"_blank\" rel=\"attachment wp-att-1746\"><img loading=\"lazy\" class=\"alignright size-thumbnail wp-image-1746\" alt=\"EKZb3\" src=\"http:\/\/meteor-institut.ch\/website\/wp-content\/uploads\/2012\/08\/EKZb3-150x150.jpg\" width=\"150\" height=\"150\" \/><\/a><\/strong><\/span><br \/>\n+ Fachkr\u00e4fte in Marketing, Verkauf und Kommunikation welche die DM-Faktoren kennen wollen und Response-Management effektiv nutzen.<\/p>\n<p><span style=\"text-decoration: underline;\"><strong>Nutzen<\/strong><\/span><br \/>\nNach diesem Seminar sind die Teilenehmer in der Lage, die richtigen Entscheidungen zu treffen, damit ein Mailing auch wirklich erfolgreich wird. Die Teilnehmer sind in der Lage, ein Mailing aufzugleisen.<\/p>\n<p><span style=\"text-decoration: underline;\"><strong>Seminarleitung<\/strong><\/span><br \/>\nFelix M. Murbach, Master of Marketing UniBS<\/p>\n<p><span style=\"text-decoration: underline;\"><strong>Seminardatum<a href=\"http:\/\/meteor-institut.ch\/website\/dialogmarketing\/attachment\/katalogversand\/\" rel=\"attachment wp-att-1748\"><img loading=\"lazy\" class=\"alignright size-thumbnail wp-image-1748\" alt=\"Katalogversand\" src=\"http:\/\/meteor-institut.ch\/website\/wp-content\/uploads\/2012\/08\/Katalogversand-150x150.png\" width=\"150\" height=\"150\" \/><\/a><\/strong><\/span><br \/>\nDieses Seminar f\u00fchren wir \u00f6ffentlich oder firmenintern durch. Bitte fordern Sie unsere Offerte an.<\/p>\n<p><span style=\"text-decoration: underline;\"><strong>Seminargeb\u00fchr<\/strong><\/span><br \/>\nCHF 560.-, inkl. Pausengetr\u00e4nke und Dokumentation<\/p>\n<p><strong><span style=\"text-decoration: underline;\">Dauer des Seminars<\/span><br \/>\n<\/strong>9 \u2013 16.30 Uhr<\/p>\n<p><span style=\"text-decoration: underline;\"><strong>Abschluss<\/strong><\/span><br \/>\nDie Teilnehmer\/Innen erhalten ein Abschlusszertifikat.<\/p>\n<p><span style=\"text-decoration: underline;\"><strong>Seminar-Ort<\/strong><\/span><br \/>\nFelix Murbach Marketing, Neustadt 2, CH-8200 Schaffhausen oder nach Vereinbarung.<\/p>\n<p><span style=\"text-decoration: underline;\"><strong>Anmeldung<\/strong><\/span><br \/>\nFrau Maya Huber nimmt Ihre Anmeldungen gerne entgegen. Melden Sie sich heute noch an, wir freuen uns auf Ihre <span style=\"color: #ff6600;\"><a href=\"http:\/\/meteor-institut.ch\/website\/kontakt\/\" target=\"_blank\"><span style=\"color: #ff6600;\">Teilnahme<\/span><\/a><\/span>.<\/p>\n<p>&nbsp;<\/p>\n<p><strong><span style=\"text-decoration: underline;\">Teilnehmer-Stimmen:<\/span><\/strong><br \/>\n\u00abIhre lebendige, leidenschaftlich vorgetragene\u00a0Pr\u00e4sentation werde ich in bester Erinnerung behalten.\u00bb\u00a0Nelly Meyer-Fankhauser, Gr\u00fcnderin NEFU Schweiz<\/p>\n","protected":false},"excerpt":{"rendered":"<p>Dialogmarketing Tausende von Informationen str\u00f6men t\u00e4glich auf uns ein. Wir sind also gefordert uns von dieser Masse abzuheben. Dialogmarketing geht \u00fcber postalische Direct Mailings l\u00e4ngst hinaus. Erfahren Sie heute wie Sie im Dialog Marketing mit exklusivem Kampagnenmanagement erfolgreich Kunden gewinnen und nachhaltig binden. &nbsp; Inhalt + Pers\u00f6nlichste Ansprache + Nutzung neuer Technologien + Br\u00fcckenschlag von [&hellip;]<\/p>\n","protected":false},"author":2,"featured_media":385,"parent":0,"menu_order":0,"comment_status":"closed","ping_status":"closed","template":"page-template-full.php","meta":[],"_links":{"self":[{"href":"http:\/\/meteor-institut.ch\/website\/wp-json\/wp\/v2\/pages\/277"}],"collection":[{"href":"http:\/\/meteor-institut.ch\/website\/wp-json\/wp\/v2\/pages"}],"about":[{"href":"http:\/\/meteor-institut.ch\/website\/wp-json\/wp\/v2\/types\/page"}],"author":[{"embeddable":true,"href":"http:\/\/meteor-institut.ch\/website\/wp-json\/wp\/v2\/users\/2"}],"replies":[{"embeddable":true,"href":"http:\/\/meteor-institut.ch\/website\/wp-json\/wp\/v2\/comments?post=277"}],"version-history":[{"count":31,"href":"http:\/\/meteor-institut.ch\/website\/wp-json\/wp\/v2\/pages\/277\/revisions"}],"predecessor-version":[{"id":3411,"href":"http:\/\/meteor-institut.ch\/website\/wp-json\/wp\/v2\/pages\/277\/revisions\/3411"}],"wp:featuredmedia":[{"embeddable":true,"href":"http:\/\/meteor-institut.ch\/website\/wp-json\/wp\/v2\/media\/385"}],"wp:attachment":[{"href":"http:\/\/meteor-institut.ch\/website\/wp-json\/wp\/v2\/media?parent=277"}],"curies":[{"name":"wp","href":"https:\/\/api.w.org\/{rel}","templated":true}]}}