{"id":30,"date":"2012-08-19T18:12:32","date_gmt":"2012-08-19T18:12:32","guid":{"rendered":"http:\/\/meteor-institut.ch\/website\/?page_id=30"},"modified":"2019-01-08T11:42:19","modified_gmt":"2019-01-08T11:42:19","slug":"uber-uns","status":"publish","type":"page","link":"http:\/\/meteor-institut.ch\/website\/uber-uns\/","title":{"rendered":"Team"},"content":{"rendered":"<h1><span style=\"color: #ff6600;\">Team<br \/>\n<\/span><\/h1>\n<p style=\"text-align: left;\">Seit 1999 unterrichten wir sehr erfolgreich auf allen Stufen in der Erwachsenenbildung, vom Sachbearbeiter bis zum eidg. dipl. Marketing- und Verkaufsleiter. Als Dozenten begr\u00fcssen wir w\u00f6chentlich rund 50 &#8211; 70 Studenten bei Marketing-Weiterbildungskursen. Unsere jahrelange Erfahrung in der Erwachsenenbildung, der hohe Praxisbezug sowie unser breit gef\u00e4chertes Netzwerk an Marketing- und Verkaufsspezialisten sind Garanten f\u00fcr die Wahrung von Kontinuit\u00e4t, Qualit\u00e4t sowie Akzeptanz in der Wirtschaft. Unser hochqualifiziertes Dozententeam ist bestens ausgebildet, kommt aus der Wirtschaft und spricht die Sprache der Studierenden.<\/p>\n<p>&nbsp;<\/p>\n<p>&nbsp;<\/p>\n<h1><span style=\"color: #ff6600;\"><strong><strong><strong><strong>So macht Lernen Spass<\/strong><\/strong>.<\/strong><\/strong><\/span><\/h1>\n<p>&nbsp;<\/p>\n<p>&nbsp;<\/p>\n","protected":false},"excerpt":{"rendered":"<p>Team Seit 1999 unterrichten wir sehr erfolgreich auf allen Stufen in der Erwachsenenbildung, vom Sachbearbeiter bis zum eidg. dipl. Marketing- und Verkaufsleiter. Als Dozenten begr\u00fcssen wir w\u00f6chentlich rund 50 &#8211; 70 Studenten bei Marketing-Weiterbildungskursen. Unsere jahrelange Erfahrung in der Erwachsenenbildung, der hohe Praxisbezug sowie unser breit gef\u00e4chertes Netzwerk an Marketing- und Verkaufsspezialisten sind Garanten f\u00fcr [&hellip;]<\/p>\n","protected":false},"author":2,"featured_media":3821,"parent":0,"menu_order":0,"comment_status":"closed","ping_status":"closed","template":"page-template-full.php","meta":[],"_links":{"self":[{"href":"http:\/\/meteor-institut.ch\/website\/wp-json\/wp\/v2\/pages\/30"}],"collection":[{"href":"http:\/\/meteor-institut.ch\/website\/wp-json\/wp\/v2\/pages"}],"about":[{"href":"http:\/\/meteor-institut.ch\/website\/wp-json\/wp\/v2\/types\/page"}],"author":[{"embeddable":true,"href":"http:\/\/meteor-institut.ch\/website\/wp-json\/wp\/v2\/users\/2"}],"replies":[{"embeddable":true,"href":"http:\/\/meteor-institut.ch\/website\/wp-json\/wp\/v2\/comments?post=30"}],"version-history":[{"count":192,"href":"http:\/\/meteor-institut.ch\/website\/wp-json\/wp\/v2\/pages\/30\/revisions"}],"predecessor-version":[{"id":3901,"href":"http:\/\/meteor-institut.ch\/website\/wp-json\/wp\/v2\/pages\/30\/revisions\/3901"}],"wp:featuredmedia":[{"embeddable":true,"href":"http:\/\/meteor-institut.ch\/website\/wp-json\/wp\/v2\/media\/3821"}],"wp:attachment":[{"href":"http:\/\/meteor-institut.ch\/website\/wp-json\/wp\/v2\/media?parent=30"}],"curies":[{"name":"wp","href":"https:\/\/api.w.org\/{rel}","templated":true}]}}