{"id":3051,"date":"2016-01-06T20:47:37","date_gmt":"2016-01-06T20:47:37","guid":{"rendered":"http:\/\/meteor-institut.ch\/website\/?page_id=3051"},"modified":"2019-10-02T12:45:23","modified_gmt":"2019-10-02T12:45:23","slug":"philosophie","status":"publish","type":"page","link":"http:\/\/meteor-institut.ch\/website\/philosophie\/","title":{"rendered":"Philosophie"},"content":{"rendered":"<h1><span style=\"color: #ff6600;\">So macht Lernen Spass.<br \/>\n<\/span><\/h1>\n<p>Der Entschluss in eine Ausbildung zu investieren, ist eine pers\u00f6nliche Entscheidung f\u00fcr eine erfolgreiche Zukunft. Dessen sind wir uns sehr bewusst. Deshalb soll Lernen Spass machen, dynamisieren und anregen, neues Wissen direkt anzuwenden. An unserem Marketinginstitut wird grosser Wert auf das pers\u00f6nliche Coaching der Studierenden gelegt.<\/p>\n<p>Durch die unkomplizierte, frische und kompetente Erscheinung der Fachspezialisten entsteht ein stimmiges und motivierendes Lernklima. Die \u201cDuz-Kultur\u201d sorgt f\u00fcr eine lockere, nahbare aber dennoch respektvolle Stimmung zwischen Dozenten und Studenten. Wir dozieren auf Flugh\u00f6he der Teilnehmenden, unsere didaktische Gestaltung aus Fallstudien, Lehrgespr\u00e4chen sowie aktuellem Praxisbezug wird immer mit einer Prise Humor abgerundet.<\/p>\n<p>Durch die \u00fcbersichtliche Klassengr\u00f6sse werden die Studierenden individuell, pers\u00f6nlich und mit Herzblut betreut. Bei uns herrscht keine typische \u201cSchulhaus-Atmosph\u00e4re\u201d, wir legen Wert auf ein offenes und helles Raumkonzept mit modernster Infrastruktur. Deshalb begeistert mich die Philosophie unseres Marketinginstituts an jedem Kurstag von Neuem, zusammen mit unseren Studierenden.<\/p>\n<p style=\"text-align: right;\">Ich freue mich sehr, dich begr\u00fcssen zu d\u00fcrfen.<br \/>\nBeste Gr\u00fcsse, Felix Murbach<\/p>\n<p>&nbsp;<\/p>\n<p>&nbsp;<\/p>\n","protected":false},"excerpt":{"rendered":"<p>So macht Lernen Spass. Der Entschluss in eine Ausbildung zu investieren, ist eine pers\u00f6nliche Entscheidung f\u00fcr eine erfolgreiche Zukunft. Dessen sind wir uns sehr bewusst. Deshalb soll Lernen Spass machen, dynamisieren und anregen, neues Wissen direkt anzuwenden. An unserem Marketinginstitut wird grosser Wert auf das pers\u00f6nliche Coaching der Studierenden gelegt. Durch die unkomplizierte, frische und [&hellip;]<\/p>\n","protected":false},"author":2,"featured_media":3874,"parent":0,"menu_order":0,"comment_status":"open","ping_status":"open","template":"page-template-full.php","meta":[],"_links":{"self":[{"href":"http:\/\/meteor-institut.ch\/website\/wp-json\/wp\/v2\/pages\/3051"}],"collection":[{"href":"http:\/\/meteor-institut.ch\/website\/wp-json\/wp\/v2\/pages"}],"about":[{"href":"http:\/\/meteor-institut.ch\/website\/wp-json\/wp\/v2\/types\/page"}],"author":[{"embeddable":true,"href":"http:\/\/meteor-institut.ch\/website\/wp-json\/wp\/v2\/users\/2"}],"replies":[{"embeddable":true,"href":"http:\/\/meteor-institut.ch\/website\/wp-json\/wp\/v2\/comments?post=3051"}],"version-history":[{"count":45,"href":"http:\/\/meteor-institut.ch\/website\/wp-json\/wp\/v2\/pages\/3051\/revisions"}],"predecessor-version":[{"id":3072,"href":"http:\/\/meteor-institut.ch\/website\/wp-json\/wp\/v2\/pages\/3051\/revisions\/3072"}],"wp:featuredmedia":[{"embeddable":true,"href":"http:\/\/meteor-institut.ch\/website\/wp-json\/wp\/v2\/media\/3874"}],"wp:attachment":[{"href":"http:\/\/meteor-institut.ch\/website\/wp-json\/wp\/v2\/media?parent=3051"}],"curies":[{"name":"wp","href":"https:\/\/api.w.org\/{rel}","templated":true}]}}