{"id":3122,"date":"2016-01-11T15:48:36","date_gmt":"2016-01-11T15:48:36","guid":{"rendered":"http:\/\/meteor-institut.ch\/website\/?page_id=3122"},"modified":"2019-10-30T09:43:29","modified_gmt":"2019-10-30T09:43:29","slug":"member","status":"publish","type":"page","link":"http:\/\/meteor-institut.ch\/website\/member\/","title":{"rendered":"Get a Member"},"content":{"rendered":"<h1><span style=\"color: #ff6600;\">R\u00fchre f\u00fcr uns die Werbetrommel<\/span><\/h1>\n<p>Es lohnt sich auch f\u00fcr dich.<\/p>\n<p>&nbsp;<\/p>\n<p>M\u00f6chtest du zum Member-Kreis unseres Marketinginstituts z\u00e4hlen? Bestimmt hast du deinen Freunden und Bekannten schon einmal von uns erz\u00e4hlt. Dies soll von heute an nicht mehr unbelohnt bleiben. Jedes Mal, wenn wir auf <b>deine Empfehlung <\/b>hin neue Studenten bei uns begr\u00fcssen d\u00fcrfen, erh\u00e4ltst du eine tolle Member-Gutschrift<b>. <\/b>Vorausgesetzt nat\u00fcrlich, dass deine Freunde beim Buchen erw\u00e4hnen, dass sie durch dich auf uns aufmerksam geworden sind.<\/p>\n<p>&nbsp;<\/p>\n<p>M\u00f6chtest du mehr dazu erfahren? Dann melde dich per Mail direkt beim Inhaber, Herrn <span style=\"color: #800000;\"><em><span style=\"text-decoration: underline;\"><a href=\"mailto:felix.murbach@murba.ch\" target=\"_blank\"><span style=\"color: #800000; text-decoration: underline;\">Felix Murbach<\/span><\/a><\/span><\/em> <\/span>f\u00fcr weitere Informationen oder telefonisch unter +41 52 670 18 21. Wir danken dir schon jetzt ganz herzlich f\u00fcrs R\u00fchren der Werbetrommel.<\/p>\n<p>Und nat\u00fcrlich freuen wir uns darauf, dich schon bald wieder bei uns begr\u00fcssen zu d\u00fcrfen.<\/p>\n<p>&nbsp;<\/p>\n<p>&nbsp;<\/p>\n<p>&nbsp;<\/p>\n<h1><span style=\"color: #ff6600;\">So mach Lernen Spass.<\/span><\/h1>\n","protected":false},"excerpt":{"rendered":"<p>R\u00fchre f\u00fcr uns die Werbetrommel Es lohnt sich auch f\u00fcr dich. &nbsp; M\u00f6chtest du zum Member-Kreis unseres Marketinginstituts z\u00e4hlen? Bestimmt hast du deinen Freunden und Bekannten schon einmal von uns erz\u00e4hlt. Dies soll von heute an nicht mehr unbelohnt bleiben. Jedes Mal, wenn wir auf deine Empfehlung hin neue Studenten bei uns begr\u00fcssen d\u00fcrfen, erh\u00e4ltst [&hellip;]<\/p>\n","protected":false},"author":2,"featured_media":4104,"parent":0,"menu_order":0,"comment_status":"open","ping_status":"open","template":"page-template-full.php","meta":[],"_links":{"self":[{"href":"http:\/\/meteor-institut.ch\/website\/wp-json\/wp\/v2\/pages\/3122"}],"collection":[{"href":"http:\/\/meteor-institut.ch\/website\/wp-json\/wp\/v2\/pages"}],"about":[{"href":"http:\/\/meteor-institut.ch\/website\/wp-json\/wp\/v2\/types\/page"}],"author":[{"embeddable":true,"href":"http:\/\/meteor-institut.ch\/website\/wp-json\/wp\/v2\/users\/2"}],"replies":[{"embeddable":true,"href":"http:\/\/meteor-institut.ch\/website\/wp-json\/wp\/v2\/comments?post=3122"}],"version-history":[{"count":16,"href":"http:\/\/meteor-institut.ch\/website\/wp-json\/wp\/v2\/pages\/3122\/revisions"}],"predecessor-version":[{"id":4155,"href":"http:\/\/meteor-institut.ch\/website\/wp-json\/wp\/v2\/pages\/3122\/revisions\/4155"}],"wp:featuredmedia":[{"embeddable":true,"href":"http:\/\/meteor-institut.ch\/website\/wp-json\/wp\/v2\/media\/4104"}],"wp:attachment":[{"href":"http:\/\/meteor-institut.ch\/website\/wp-json\/wp\/v2\/media?parent=3122"}],"curies":[{"name":"wp","href":"https:\/\/api.w.org\/{rel}","templated":true}]}}