{"id":318,"date":"2012-08-24T13:50:32","date_gmt":"2012-08-24T13:50:32","guid":{"rendered":"http:\/\/meteor-institut.ch\/website\/?page_id=318"},"modified":"2016-02-22T12:46:13","modified_gmt":"2016-02-22T12:46:13","slug":"juniors","status":"publish","type":"page","link":"http:\/\/meteor-institut.ch\/website\/juniors\/","title":{"rendered":"Junior Biz Programm"},"content":{"rendered":"<h1><span style=\"color: #ff6600;\"><strong>Junior Business Programm<\/strong><\/span><\/h1>\n<p>Das Junior Business Programm ist ein 3-t\u00e4giges, anspruchsvolles Intensiv-Management-Programm f\u00fcr F\u00fchrungskr\u00e4fte, Nachwuchsf\u00fchrungskr\u00e4fte und Fachspezialisten, die sich f\u00fcr weitere Managementaufgaben qualifizieren oder ihr bestehendes Managementwissen kritisch hinterfragen und vertiefen wollen.<\/p>\n<p>&nbsp;<\/p>\n<p><span style=\"text-decoration: underline;\"><strong>Inhalt<\/strong><\/span><br \/>\n+ Grundlagen der Unternehmensf\u00fchrung<br \/>\n<a href=\"http:\/\/meteor-institut.ch\/website\/kontakt\/\" rel=\"attachment wp-att-885\"><img loading=\"lazy\" class=\"size-medium wp-image-885 alignright\" title=\"Junior Business Programm by Felix Murbach Marketing\" alt=\"\" src=\"http:\/\/meteor-institut.ch\/website\/wp-content\/uploads\/2012\/10\/PRO_0266-300x112.jpg\" width=\"300\" height=\"112\" srcset=\"http:\/\/meteor-institut.ch\/website\/wp-content\/uploads\/2012\/10\/PRO_0266-300x112.jpg 300w, http:\/\/meteor-institut.ch\/website\/wp-content\/uploads\/2012\/10\/PRO_0266-1024x384.jpg 1024w\" sizes=\"(max-width: 300px) 100vw, 300px\" \/><\/a>+ Verantwortlichkeiten und betriebswirtschaftliche Stellhebel eines Managers<br \/>\n+ Marketing Management<br \/>\n+ Struktur- und Prozessmanagement<br \/>\n+ Leadership<br \/>\n+ Finanzmanagement, betriebliches Rechnungswesen und operatives Controlling f\u00fcr Manager<\/p>\n<p><span style=\"text-decoration: underline;\"><strong>Teilnehmer<\/strong><\/span><br \/>\n+ F\u00fchrungskr\u00e4fte, Nachwuchsf\u00fchrungskr\u00e4fte, Praktiker, die eine umfassende Gesamtsicht in das optimale Funktionieren einer Unternehmung ben\u00f6tigen.<\/p>\n<p><span style=\"text-decoration: underline;\"><strong>Nutzen<\/strong><\/span><br \/>\nNachwuchsf\u00fchrungskr\u00e4fte und Spezialisten erhalten \u00fcberblicksartig Einblick in die wesentlichsten Managementkonzepte und F\u00fchrungsaspekte.<\/p>\n<p><strong><span style=\"text-decoration: underline;\">Seminarleitung<\/span><br \/>\n<\/strong>Marco Camozzi MBA, Felix Murbach M.Sc.<\/p>\n<p><span style=\"text-decoration: underline;\"><strong>Seminardatum<\/strong><\/span><br \/>\nDieses Seminar f\u00fchren wir \u00f6ffentlich oder firmenintern durch. Bitte fordern Sie unsere Offerte an.<\/p>\n<p><span style=\"text-decoration: underline;\"><strong>Seminargeb\u00fchr<\/strong><\/span><br \/>\nCHF 1&#8217;950.-, inkl. Pausengetr\u00e4nke und Dokumentation.<\/p>\n<p><strong><span style=\"text-decoration: underline;\">Dauer des Seminars<\/span><br \/>\n<\/strong>W\u00e4hrend 3 Tagen von 9 &#8211; 16.30 Uhr<\/p>\n<p><span style=\"text-decoration: underline;\"><strong>Abschluss<\/strong><\/span><br \/>\nDie Teilnehmer\/Innen erhalten ein Abschlusszertifikat.<\/p>\n<p><span style=\"text-decoration: underline;\"><strong>Seminar-Ort<\/strong><\/span><br \/>\nFelix Murbach Marketing, Neustadt 2, CH-8200 Schaffhausen oder nach Vereinbarung.<\/p>\n<p><span style=\"text-decoration: underline;\"><strong>Anmeldung<\/strong><\/span><br \/>\nFrau Maya Huber nimmt Ihre Anmeldungen gerne entgegen. Melden Sie sich heute noch an, wir freuen uns auf Ihre <span style=\"color: #ff6600;\"><a href=\"http:\/\/meteor-institut.ch\/website\/kontakt\/\" target=\"_blank\"><span style=\"color: #ff6600;\">Teilnahme<\/span><\/a><\/span>.<\/p>\n","protected":false},"excerpt":{"rendered":"<p>Junior Business Programm Das Junior Business Programm ist ein 3-t\u00e4giges, anspruchsvolles Intensiv-Management-Programm f\u00fcr F\u00fchrungskr\u00e4fte, Nachwuchsf\u00fchrungskr\u00e4fte und Fachspezialisten, die sich f\u00fcr weitere Managementaufgaben qualifizieren oder ihr bestehendes Managementwissen kritisch hinterfragen und vertiefen wollen. &nbsp; Inhalt + Grundlagen der Unternehmensf\u00fchrung + Verantwortlichkeiten und betriebswirtschaftliche Stellhebel eines Managers + Marketing Management + Struktur- und Prozessmanagement + Leadership + [&hellip;]<\/p>\n","protected":false},"author":2,"featured_media":388,"parent":0,"menu_order":0,"comment_status":"closed","ping_status":"closed","template":"page-template-full.php","meta":[],"_links":{"self":[{"href":"http:\/\/meteor-institut.ch\/website\/wp-json\/wp\/v2\/pages\/318"}],"collection":[{"href":"http:\/\/meteor-institut.ch\/website\/wp-json\/wp\/v2\/pages"}],"about":[{"href":"http:\/\/meteor-institut.ch\/website\/wp-json\/wp\/v2\/types\/page"}],"author":[{"embeddable":true,"href":"http:\/\/meteor-institut.ch\/website\/wp-json\/wp\/v2\/users\/2"}],"replies":[{"embeddable":true,"href":"http:\/\/meteor-institut.ch\/website\/wp-json\/wp\/v2\/comments?post=318"}],"version-history":[{"count":30,"href":"http:\/\/meteor-institut.ch\/website\/wp-json\/wp\/v2\/pages\/318\/revisions"}],"predecessor-version":[{"id":3412,"href":"http:\/\/meteor-institut.ch\/website\/wp-json\/wp\/v2\/pages\/318\/revisions\/3412"}],"wp:featuredmedia":[{"embeddable":true,"href":"http:\/\/meteor-institut.ch\/website\/wp-json\/wp\/v2\/media\/388"}],"wp:attachment":[{"href":"http:\/\/meteor-institut.ch\/website\/wp-json\/wp\/v2\/media?parent=318"}],"curies":[{"name":"wp","href":"https:\/\/api.w.org\/{rel}","templated":true}]}}