{"id":3613,"date":"2016-06-02T07:55:58","date_gmt":"2016-06-02T07:55:58","guid":{"rendered":"http:\/\/meteor-institut.ch\/website\/?page_id=3613"},"modified":"2016-11-03T16:47:05","modified_gmt":"2016-11-03T16:47:05","slug":"das-buch","status":"publish","type":"page","link":"http:\/\/meteor-institut.ch\/website\/das-buch\/","title":{"rendered":"Das Buch"},"content":{"rendered":"<h1><\/h1>\n<h1><span style=\"color: #ff6600;\"><em><strong><em><em>Mittelmass ist nicht mein Ding.<\/em><\/em><\/strong><\/em><\/span><\/h1>\n<p><span style=\"color: #000000;\">ISBN 978-3-9524734-1-2<\/span><\/p>\n<p>&nbsp;<\/p>\n<p><a href=\"https:\/\/docs.google.com\/forms\/d\/e\/1FAIpQLSdt4hVOanEq98UxodB0Qgzm2smMlvbPZO7Z8Xf4LpQz8COHyQ\/viewform?c=0&amp;w=1\" target=\"_blank\" rel=\"attachment wp-att-3669\"><img loading=\"lazy\" class=\"alignleft  wp-image-3669\" alt=\"Buch Mittelmass ist nicht mein Ding von Felix Murbach, www.murba.ch\" src=\"http:\/\/meteor-institut.ch\/website\/wp-content\/uploads\/2016\/06\/Buch-Cover.jpg\" width=\"410\" height=\"436\" srcset=\"http:\/\/meteor-institut.ch\/website\/wp-content\/uploads\/2016\/06\/Buch-Cover.jpg 855w, http:\/\/meteor-institut.ch\/website\/wp-content\/uploads\/2016\/06\/Buch-Cover-282x300.jpg 282w\" sizes=\"(max-width: 410px) 100vw, 410px\" \/><\/a>Die Felix Murbach Marketing feiert im Oktober 2016 ihr 10-j\u00e4hriges Bestehen. Damit dieser runde Geburtstag geb\u00fchrend gefeiert werden kann, entstand das Marketingbuch <strong>Mittelmass ist nicht mein Ding<\/strong>, ISBN 978-3-9524734-1-2.Mit diesem Buch m\u00f6chte ich mich bei Ihnen f\u00fcr die Zusammenarbeit und das Vertrauen bedanken. Allzu viel wird gar noch nicht verraten, exklusiv f\u00fcr Sie vorweg: Sagen Sie dem Mittelmass \u201cAdieu\u201d und positionieren Sie sich klar und eindeutig.<\/p>\n<p>Das Buch ist so aufgebaut, dass Sie keine Marketing-Grundkurse besuchen m\u00fcssen, um meinen Ausf\u00fchrungen zu folgen: Ich entf\u00fchre Sie zur richtig gelebten Firmenvision, definiere mit Ihnen zusammen die Erfolgstrigger eines Unternehmens, schaue auf Ihre eindeutige Positionierung sowie Strategie und definiere danach Ihre Ziele und Zielgruppen. <a href=\"https:\/\/www.youtube.com\/watch?v=SsO8sOZF-Fc\" rel=\"attachment wp-att-3608\"><img loading=\"lazy\" class=\"alignright  wp-image-3608\" alt=\"Video Marketing ist einfach by www.murba.ch\" src=\"http:\/\/meteor-institut.ch\/website\/wp-content\/uploads\/2012\/08\/Video-Ausschnitt-300x168.png\" width=\"240\" height=\"134\" srcset=\"http:\/\/meteor-institut.ch\/website\/wp-content\/uploads\/2012\/08\/Video-Ausschnitt-300x168.png 300w, http:\/\/meteor-institut.ch\/website\/wp-content\/uploads\/2012\/08\/Video-Ausschnitt-1024x576.png 1024w, http:\/\/meteor-institut.ch\/website\/wp-content\/uploads\/2012\/08\/Video-Ausschnitt.png 1920w\" sizes=\"(max-width: 240px) 100vw, 240px\" \/><\/a>Darauf aufbauend werden die Kommunikationsmassnahmen empfohlen, dass man k\u00fcnftig noch mehr von Ihnen spricht und erlaube mir, Ihnen zum Schluss spannende Tipps mit auf den Weg zu geben. Das Buch ist untermalt mit sehr sch\u00f6nen Illustrationen sowie einer Reihe von pfiffigen Fingertipps f\u00fcr Sie.<\/p>\n<p>&nbsp;<\/p>\n<p>&nbsp;<\/p>\n<h1><strong><span style=\"text-decoration: underline;\"><span style=\"color: #ff6600; text-decoration: underline;\"><em>Bestellformular<\/em><\/span><\/span><\/strong><\/h1>\n<p><em><span style=\"color: #ff6600;\"><strong>Preise <\/strong><\/span><\/em>CHF 39.90,\u00a0 f\u00fcr *Student\/innen CHF 29.90 (*Studenten einer Diplom-, Fachausweis-, hfw-, hfm-, NDS-Ausbildung).<\/p>\n<p><em><span style=\"color: #ff6600;\"><strong><em>Umfang <\/em><\/strong><\/span><\/em>Gebundene Ausgabe, Hardcover, Erscheinungsdatum: September 2016, Sprache: deutsch, Anzahl Seiten: 144, Gr\u00f6sse: 14.5 x 22 cm.<\/p>\n<p><span style=\"color: #ff6600;\"><em><strong><em>ISBN <\/em><\/strong><\/em><\/span>ISBN 978-3-9524734-1-2<\/p>\n<p>&nbsp;<\/p>\n<h1><em><strong><em><em><span style=\"color: #ff6600;\">Das meinen die Leser\/-innen<\/span><br \/>\n<\/em><\/em><\/strong><\/em><\/h1>\n<p><em>\u00abSollte ich jemals ein Buch schreiben, dann in diesem Stil. Kompliment, ich kann das Buch bestens weiterempfehlen.\u00bb <\/em>M. Hess<em><a href=\"https:\/\/docs.google.com\/forms\/d\/e\/1FAIpQLSdt4hVOanEq98UxodB0Qgzm2smMlvbPZO7Z8Xf4LpQz8COHyQ\/viewform?c=0&amp;w=1\" target=\"_blank\"><img loading=\"lazy\" class=\"alignright\" title=\"Buch-Feedback\" alt=\"\" src=\"http:\/\/www.murba.ch\/blog\/wp-content\/uploads\/2016\/09\/Buch-Versand_NL-1024x487.jpg\" width=\"415\" height=\"197\" \/><\/a><\/em><\/p>\n<p><em>\u00abKlar, unterhaltsam, pers\u00f6nlich, authentisch, mutig<em>.<em>\u00bb <\/em><\/em><\/em>P. Rietschin<br \/>\n<em>\u00ab<em>Das Buch ist einladend, topmodern<\/em>. Ganz grosses Kino!\u00bb <\/em>R. L\u00e4ng<\/p>\n<p><em>\u00abToll, dass es handsigniert wurde. Damit h\u00e4tte ich nicht gerechnet.\u00bb <\/em>A. Ehrsam<\/p>\n<p><em>\u00abDas Buch ist s<\/em>ehr spannend geschrieben. Sehr pers\u00f6nlich. Top!<em>\u00bb <\/em>D. Henzmann<\/p>\n<p><em>\u00ab<\/em>F\u00fcr mich ist das Buch ein Spiegel des Autoren selbst \u2013 motivierend, herausfordernd, bereichernd und sehr sympathisch. Ein Profi f\u00fcr Profis und solche die es werden m\u00f6chten<em>.\u00bb S. St\u00fcckmann<br \/>\n<\/em><\/p>\n<p><em>\u00ab<\/em>Ich wollte nur kurz das Intro lesen und bin an der absolut erfrischenden Erz\u00e4hlart h\u00e4ngen geblieben!<em>\u00bb<\/em> P. Schmitt-Tschudi<\/p>\n<p>\u00abSehr wertige Materialien, tolles Cover, Buchtitel macht Lust zum Lesen, handsigniert, super Illustrationen, praktische Notizm\u00f6glichkeit\u2026\u00bb. S. Possert<\/p>\n<p><em>\u00ab<\/em>Kompliment f\u00fcr das sehr gelungene Buch. Es ist sehr verst\u00e4ndlich und praxisnah geschrieben, gespickt mit vielen praktischen Tips. Ich reihe es in die oberste Liga der Managementliteratur: 1A!!!<em>\u00bb<\/em> R. Frosini<\/p>\n<p>\u00abGro\u00dfartiges Buch! Es ist sehr unterhaltsam geschrieben und gibt mir tolle differenzierte Einblicke\/Eindr\u00fccke aus dem Marketing. Danke!\u00bb M. Krauss<\/p>\n<p>&nbsp;<\/p>\n<p>&nbsp;<\/p>\n","protected":false},"excerpt":{"rendered":"<p>Mittelmass ist nicht mein Ding. ISBN 978-3-9524734-1-2 &nbsp; Die Felix Murbach Marketing feiert im Oktober 2016 ihr 10-j\u00e4hriges Bestehen. Damit dieser runde Geburtstag geb\u00fchrend gefeiert werden kann, entstand das Marketingbuch Mittelmass ist nicht mein Ding, ISBN 978-3-9524734-1-2.Mit diesem Buch m\u00f6chte ich mich bei Ihnen f\u00fcr die Zusammenarbeit und das Vertrauen bedanken. Allzu viel wird gar [&hellip;]<\/p>\n","protected":false},"author":2,"featured_media":3683,"parent":0,"menu_order":0,"comment_status":"open","ping_status":"open","template":"page-template-full.php","meta":[],"_links":{"self":[{"href":"http:\/\/meteor-institut.ch\/website\/wp-json\/wp\/v2\/pages\/3613"}],"collection":[{"href":"http:\/\/meteor-institut.ch\/website\/wp-json\/wp\/v2\/pages"}],"about":[{"href":"http:\/\/meteor-institut.ch\/website\/wp-json\/wp\/v2\/types\/page"}],"author":[{"embeddable":true,"href":"http:\/\/meteor-institut.ch\/website\/wp-json\/wp\/v2\/users\/2"}],"replies":[{"embeddable":true,"href":"http:\/\/meteor-institut.ch\/website\/wp-json\/wp\/v2\/comments?post=3613"}],"version-history":[{"count":42,"href":"http:\/\/meteor-institut.ch\/website\/wp-json\/wp\/v2\/pages\/3613\/revisions"}],"predecessor-version":[{"id":3645,"href":"http:\/\/meteor-institut.ch\/website\/wp-json\/wp\/v2\/pages\/3613\/revisions\/3645"}],"wp:featuredmedia":[{"embeddable":true,"href":"http:\/\/meteor-institut.ch\/website\/wp-json\/wp\/v2\/media\/3683"}],"wp:attachment":[{"href":"http:\/\/meteor-institut.ch\/website\/wp-json\/wp\/v2\/media?parent=3613"}],"curies":[{"name":"wp","href":"https:\/\/api.w.org\/{rel}","templated":true}]}}