{"id":39,"date":"2012-08-19T18:23:28","date_gmt":"2012-08-19T18:23:28","guid":{"rendered":"http:\/\/meteor-institut.ch\/website\/?page_id=39"},"modified":"2022-09-23T08:41:27","modified_gmt":"2022-09-23T08:41:27","slug":"marketingfachleute","status":"publish","type":"page","link":"http:\/\/meteor-institut.ch\/website\/marketingfachleute\/","title":{"rendered":"Marketingfachleute"},"content":{"rendered":"<h1><span style=\"color: #ff6600;\"><span style=\"color: #993300;\">Eidg. Fachausweis &amp; Diplom meteor Marketinginstitut<\/span><br \/>\n<\/span><\/h1>\n<h1><\/h1>\n<h1 style=\"text-align: left;\">Marketingfachleute-Pr\u00fcfung 2020: <span style=\"color: #800000;\">100% Erfolgsquote<\/span><\/h1>\n<h1 style=\"text-align: left;\">Von unserer MFL-Kleinklasse haben 6 von 6 Studentinnen und Studenten die eidgen\u00f6ssische Fachpr\u00fcfung mit Erfolg bestanden.Wir gratulieren allen zu diesem sensationellen Resultat.<\/h1>\n<h3 style=\"text-align: center;\"><\/h3>\n<h4 style=\"text-align: center;\"><\/h4>\n<h1>Lehrgang 2023 &#8211; 2025<\/h1>\n<p><strong>Neu mit Remote Modulen &#8211; <\/strong>Profitiere von den Vorteilen des <strong>Combo-Lehrgangs mit Online- und vor Ort Unterricht<\/strong> an verschiedenen Standorten f\u00fcr deine zeitliche und \u00f6rtliche Flexibilit\u00e4t. <span style=\"color: #000000;\">W\u00e4hrend deiner Ausbildung legen wir grossen Wert auf den direkten Praxisbezug sowie auf dein pers\u00f6nliches Coaching. Wir kombinieren zeitgem\u00e4sse Online- und vor Ort-Unterrichtsmethoden zu einem attraktiven Gesamtpaket. Nebst dem Besuch der einzelnen Remote Module wirst du in der Pr\u00fcfungsvorbereitungs-Phase mit Marketing-Bootcamps an die eidg. Pr\u00fcfung herangef\u00fchrt. Diese und weitere Positionierungsmerkmale kommen durch die Bildung von <strong>Kleinklassen mit <span style=\"text-decoration: underline;\">max. 8 Teilnehmenden pro Lehrgang<\/span><\/strong> glasklar zum Tragen und macht uns dank einem <strong>modularen Ausbildungskonzept schweizweit einzigartig erfolgreich<\/strong>.<\/span><\/p>\n<h2><strong>Aufbau der Remote Module<\/strong><\/h2>\n<p>W\u00e4hrend einer Moduldauer von jeweils 6 Wochen findet der Unterricht Online statt. Nach Abschluss eines Moduls folgt ein 2-t\u00e4giges Bootcamp vor Ort mit Studierenden und Fachdozenten. Je nach Herkunft der Teilnehmenden variieren wir die Bootcamp-Standorte in Schaffhausen, Z\u00fcrich, St. Gallen und Bern f\u00fcr deine optimalen Lerneinheiten vor Ort.<\/p>\n<h4><strong><span style=\"color: #000000;\"><a href=\"mailto:felix.murbach@murba.ch\" rel=\"attachment wp-att-4287\"><img loading=\"lazy\" class=\"alignright  wp-image-4287\" src=\"http:\/\/meteor-institut.ch\/website\/wp-content\/uploads\/2012\/08\/Remote-Learning1.jpg\" alt=\"remote-learning\" width=\"158\" height=\"223\" srcset=\"http:\/\/meteor-institut.ch\/website\/wp-content\/uploads\/2012\/08\/Remote-Learning1.jpg 248w, http:\/\/meteor-institut.ch\/website\/wp-content\/uploads\/2012\/08\/Remote-Learning1-213x300.jpg 213w\" sizes=\"(max-width: 158px) 100vw, 158px\" \/><\/a><\/span><\/strong><\/h4>\n<h4><strong><span style=\"color: #000000;\">\u00dcbersicht der Remote Module mit Bootcamps<br \/>\n<\/span><\/strong><\/h4>\n<p><span style=\"color: #000000;\">Modul 1 (Feb. &#8211; M\u00e4rz): <strong>Erarbeiten der Grundlagen<\/strong><br \/>\nBootcamp 1: Unterricht vor Ort mit Fachdozenten<br \/>\n<\/span><\/p>\n<p><span style=\"color: #000000;\">Modul 2 (April &#8211; Juni): <strong>Vertiefung der Grundlagen<\/strong><br \/>\nBootcamp 2: Unterricht vor Ort mit Fachdozenten<br \/>\n<\/span><\/p>\n<p><span style=\"color: #000000;\">Modul 3 (Aug.- Sept.): <strong>Vertiefung und Vernetzung des Stoffes<\/strong><br \/>\nBootcamp 3: Unterricht vor Ort mit Fachdozenten<br \/>\n<\/span><\/p>\n<p>Modul 4 (Okt. &#8211; Dez.): <strong>Schriftliche Pr\u00fcfungsvorbereitung<\/strong><br \/>\nBootcamp 4: Unterricht vor Ort mit Fachdozenten<\/p>\n<p>Modul 5 (Jan. &#8211; Feb.): <strong>Schriftliche Pr\u00fcfungsvorbereitung<br \/>\n<\/strong>Bootcamp 5: Fallstudien vor Ort mit Fachdozenten<\/p>\n<p>Modul 6 (M\u00e4rz &#8211; Mai): <strong>Vorbereiten der m\u00fcndlichen Pr\u00fcfungen<\/strong><br \/>\nBootcamp 6: Fallstudien vor Ort mit Fachdozenten<\/p>\n<p><span style=\"color: #000000;\">\u00a0<\/span><\/p>\n<h4><strong>Zeitvarianten<br \/>\n<\/strong><\/h4>\n<div><span style=\"color: #000000;\">Abend-Unterricht: Montag\/Mittwoch von 18 &#8211; 21.15 Uhr mit Remote Learning<\/span><\/div>\n<div><span style=\"color: #000000;\">Bootcamps: Freitag\/Samstag von 8.30 &#8211; 16 Uhr<\/span><br \/>\n<span style=\"color: #000000;\">N\u00e4chster Starttermin: ab M\u00e4rz 2023 bis zu den eidgen\u00f6ssischen Pr\u00fcfungen 2024<\/span><\/p>\n<div>\n<h4><span style=\"color: #000000;\">Subjektfinanzierung<\/span><\/h4>\n<p><span style=\"color: #000000;\">50% der Weiterbildungskosten werden vom Bund nach Abschluss der Pr\u00fcfung zur\u00fcckerstattet.<br \/>\n<\/span><\/p>\n<\/div>\n<div>\n<h4><span style=\"color: #000000;\"><a href=\"mailto:felix.murbach@murba.ch\" target=\"_blank\" rel=\"noopener\"><span style=\"color: #000000;\"><img loading=\"lazy\" class=\"wp-image-2384 alignright\" src=\"http:\/\/meteor-institut.ch\/website\/wp-content\/uploads\/2012\/08\/Jetzt-anmelden-mit-Hintergrund-150x150.jpg\" alt=\"Jetzt anmelden mit Hintergrund\" width=\"65\" height=\"65\" srcset=\"http:\/\/meteor-institut.ch\/website\/wp-content\/uploads\/2012\/08\/Jetzt-anmelden-mit-Hintergrund-150x150.jpg 150w, http:\/\/meteor-institut.ch\/website\/wp-content\/uploads\/2012\/08\/Jetzt-anmelden-mit-Hintergrund-300x300.jpg 300w, http:\/\/meteor-institut.ch\/website\/wp-content\/uploads\/2012\/08\/Jetzt-anmelden-mit-Hintergrund.jpg 922w\" sizes=\"(max-width: 65px) 100vw, 65px\" \/><\/span><\/a><\/span><\/h4>\n<h4><span style=\"color: #000000;\">Kosten<\/span><\/h4>\n<\/div>\n<p><span style=\"color: #000000;\">Brutto CHF 9&#8217;900.- bzw. <\/span><span style=\"color: #000000;\"><strong>Netto CHF 4&#8217;950.-<\/strong> nach Abzug der Subjektfinanzierung von 50% durch den Bund. E<\/span><span style=\"color: #000000;\">xklusive Bootcamp-Wochenende und Lehrmittel. Die E<\/span><span style=\"color: #000000;\">idgen\u00f6ssische Pr\u00fcfung wird separat in Rechnung gestellt.<\/span><\/p>\n<h4><span style=\"color: #000000;\"><strong>Unser Vorteile<\/strong><\/span><\/h4>\n<p><span style=\"color: #000000;\">&#8211; Remote Learning mit\u00a0r\u00e4umlicher Flexibilit\u00e4t sowie die Zeitersparnis<br \/>\n&#8211; hoher Praxisbezug durch Kleinklassen<br \/>\n&#8211; pers\u00f6nliches Coaching durch den Schulleiter<br \/>\n&#8211; hohe Erfolgsquote durch Kleinklassen-Konzept<br \/>\n&#8211; <\/span><span style=\"color: #000000;\">langj\u00e4hrige Erfahrung des Dozententeams<br \/>\n&#8211; modernste Infrastruktur<br \/>\n<\/span><\/p>\n<\/div>\n<p><span style=\"color: #000000;\">\u00a0<\/span><\/p>\n<h4><span style=\"color: #000000;\"><strong>Anmeldung und Kursort<\/strong><\/span><\/h4>\n<p><span style=\"color: #000000;\">Frau Maya Huber nimmt deine Anmeldungen sehr gerne entgegen.Der Kurs findet am meteor Marketinginstitut by Felix Murbach, Neustadt 2, CH-8200 Schaffhausen statt. Melde dich doch heute noch an, die Teilnehmerzahl ist begrenzt. Wir freuen uns auf deine <em><span style=\"text-decoration: underline;\"><a href=\"http:\/\/meteor-institut.ch\/website\/kontakt\/\" target=\"_blank\" rel=\"noopener\"><span style=\"color: #000000; text-decoration: underline;\">Teilnahme<\/span><\/a><\/span><\/em>.<br \/>\n<\/span><\/p>\n<h4><span style=\"color: #000000;\">Titel<br \/>\n<\/span><\/h4>\n<p><span style=\"color: #000000;\">Wer die internen Pr\u00fcfungen bestanden hat, erh\u00e4lt den Fachausweis &#8222;Marketingfachmann \/ Marketingfachfrau meteor Marketinginstitut by Felix Murbach&#8220;. Wer die eidgen\u00f6ssische Pr\u00fcfung besteht, ist berechtigt, den Titel &#8222;Marketingfachmann \/Marketingfachfrau mit eidg. Fachausweis&#8220; \u00f6ffentlich zu f\u00fchren und das ist unser Ziel.<br \/>\n<\/span><\/p>\n<h4><span style=\"color: #000000;\">Zulassungsbedigungen (Auszug)<\/span><\/h4>\n<p><span style=\"color: #000000;\">Zur Pr\u00fcfung Marketingfachmann\/Marketingfachfrau wird zugelassen, wer \u00fcber mindestens 2 Jahre Berufspraxis in den Bereichen Marketing oder Werbung \/ kommerzielle Kommunikation oder\u00a0Direct Marketing oder\u00a0Verkauf oder Public Relations verf\u00fcgt und den Nachweis einer der nachstehenden Ausbildungen erbringt<\/span><\/p>\n<p><span style=\"color: #000000;\">&#8211; eidgen\u00f6ssisches F\u00e4higkeitszeugnis eines Berufes mit mindestens dreij\u00e4hriger Lehre oder<br \/>\n&#8211;<\/span><span style=\"color: #000000;\"> Diplom einer staatlich anerkannten Handelsmittelschule oder<br \/>\n&#8211;<\/span><span style=\"color: #000000;\"> Diplom einer staatlich anerkannten mindestens dreij\u00e4hrigen Diplommittelschule oder<br \/>\n&#8211; <\/span><span style=\"color: #000000;\">Maturit\u00e4tszeugnis (alle Typen)<br \/>\n<\/span><\/p>\n<h4><span style=\"color: #000000;\">Zulassungsabkl\u00e4rung<\/span><\/h4>\n<p><span style=\"color: #000000;\">&#8211; Stichtag bez\u00fcglich der Praxisjahre ist vor der Pr\u00fcfungsanmeldung<br \/>\n&#8211; <\/span><span style=\"color: #000000;\">\u00dcber die definitive Zulassung entscheidet die Pr\u00fcfungskommission<br \/>\n&#8211; Wir empfehlen vorg\u00e4ngig den Lebenslauf mit (Arbeits-)Zeugnissen von einer erfahrenen Schule pr\u00fcfen zu lassen<br \/>\n&#8211; Sende Dein Dossier gleich an den Schulleiter felix.murbach@murba.ch<\/span><\/p>\n<p><span style=\"color: #000000;\">\u00a0<\/span><\/p>\n<h1><\/h1>\n<h1><span style=\"color: #000000;\"><strong><strong><strong><strong>So macht Lernen Spass.<\/strong><\/strong><\/strong><\/strong><\/span><\/h1>\n<p><span style=\"color: #000000;\">\u00a0<\/span><\/p>\n<p><span style=\"color: #000000;\">\u00a0<\/span><\/p>\n<p><span style=\"color: #000000;\">\u00a0<\/span><\/p>\n<p><span style=\"color: #000000;\">\u00a0<\/span><\/p>\n<p><span style=\"color: #000000;\">\u00a0<\/span><\/p>\n","protected":false},"excerpt":{"rendered":"<p>Eidg. Fachausweis &amp; Diplom meteor Marketinginstitut Marketingfachleute-Pr\u00fcfung 2020: 100% Erfolgsquote Von unserer MFL-Kleinklasse haben 6 von 6 Studentinnen und Studenten die eidgen\u00f6ssische Fachpr\u00fcfung mit Erfolg bestanden.Wir gratulieren allen zu diesem sensationellen Resultat. Lehrgang 2023 &#8211; 2025 Neu mit Remote Modulen &#8211; Profitiere von den Vorteilen des Combo-Lehrgangs mit Online- und vor Ort Unterricht an verschiedenen [&hellip;]<\/p>\n","protected":false},"author":2,"featured_media":4123,"parent":0,"menu_order":0,"comment_status":"closed","ping_status":"closed","template":"page-template-full.php","meta":[],"_links":{"self":[{"href":"http:\/\/meteor-institut.ch\/website\/wp-json\/wp\/v2\/pages\/39"}],"collection":[{"href":"http:\/\/meteor-institut.ch\/website\/wp-json\/wp\/v2\/pages"}],"about":[{"href":"http:\/\/meteor-institut.ch\/website\/wp-json\/wp\/v2\/types\/page"}],"author":[{"embeddable":true,"href":"http:\/\/meteor-institut.ch\/website\/wp-json\/wp\/v2\/users\/2"}],"replies":[{"embeddable":true,"href":"http:\/\/meteor-institut.ch\/website\/wp-json\/wp\/v2\/comments?post=39"}],"version-history":[{"count":355,"href":"http:\/\/meteor-institut.ch\/website\/wp-json\/wp\/v2\/pages\/39\/revisions"}],"predecessor-version":[{"id":4370,"href":"http:\/\/meteor-institut.ch\/website\/wp-json\/wp\/v2\/pages\/39\/revisions\/4370"}],"wp:featuredmedia":[{"embeddable":true,"href":"http:\/\/meteor-institut.ch\/website\/wp-json\/wp\/v2\/media\/4123"}],"wp:attachment":[{"href":"http:\/\/meteor-institut.ch\/website\/wp-json\/wp\/v2\/media?parent=39"}],"curies":[{"name":"wp","href":"https:\/\/api.w.org\/{rel}","templated":true}]}}