{"id":4212,"date":"2020-03-09T15:01:39","date_gmt":"2020-03-09T15:01:39","guid":{"rendered":"http:\/\/meteor-institut.ch\/website\/?page_id=4212"},"modified":"2020-11-20T09:18:43","modified_gmt":"2020-11-20T09:18:43","slug":"mfl-special","status":"publish","type":"page","link":"http:\/\/meteor-institut.ch\/website\/mfl-special\/","title":{"rendered":"MFL-Special"},"content":{"rendered":"<h1>Wurde deine Pr\u00fcfung verschoben?<\/h1>\n<h4 style=\"text-align: left;\"><strong>Du bist gerade in deiner Marketingfachausbildung und die Termine der schriftlichen Pr\u00fcfung wurden verschoben? <\/strong>Wir sind der Meinung, dass es nun wichtig ist, dein Pr\u00fcfungs-Level zu halten. Aus diesem Grunde haben wir kurzfristig unser Angebot f\u00fcr angehende Marketingfachleute angepasst. Wir bieten dir an &#8211; unabh\u00e4ngig vom Institut &#8211; dein erarbeitetes Wissen in den kommenden Wochen bis zur schriftlichen Pr\u00fcfung hochzuhalten.<\/h4>\n<h1><strong>&#8222;MFL-Special&#8220; &#8211; schriftliche Pr\u00fcfungsvorbereitung<br \/>\n<\/strong><\/h1>\n<h4>An <strong>4 Samstagen<\/strong> bietet dir das meteor Marketinginstitut by Felix Murbach an, dein Know How beim L\u00f6sen von schriftlichen Fallstudien weiter zu vertiefen. Pro Special-Samstag hast du die M\u00f6glichkeit, 3 schriftliche Fallstudien unter Pr\u00fcfungssimulation zu schreiben:<\/h4>\n<h4>&#8211; Geleitete Fallstudie Analyse (180 min.)<br \/>\n&#8211; Geleitete Fallstudie Planung (180 min.)<br \/>\n&#8211; Geleitete Fallstudie Umsetzung (120 min.)<\/h4>\n<h1>Datum &amp; Zeit<\/h1>\n<h4>Informiere dich gleich direkt bei uns unter Tel. 052 670 18 21.<\/h4>\n<h1>Deine Vorteile<\/h1>\n<h4>+ kleine Pr\u00fcfungsgruppen bis <span style=\"text-decoration: underline;\"><strong>max. 7 Teilnehmer\/innen<\/strong><\/span> pro MFL-Special<br \/>\n+ spezifisches Pr\u00fcfungstraining f\u00fcr die schriftliche MFL-Pr\u00fcfung<br \/>\n+ deine L\u00f6sungen werden innert Wochenfrist korrigiert<br \/>\n+ modernste Infrastruktur in tollem Ambiente, 3 min. vom Bahnhof<\/h4>\n<p>&nbsp;<\/p>\n<h1><strong><a href=\"mailto:felix.murbach@murba.ch\" target=\"_blank\" rel=\"attachment wp-att-2977\"><img loading=\"lazy\" class=\"alignright size-thumbnail wp-image-2977\" alt=\"Jetzt anmelden!\" src=\"http:\/\/meteor-institut.ch\/website\/wp-content\/uploads\/2014\/03\/Jetzt-anmelden-mit-Hintergrund-150x150.jpg\" width=\"150\" height=\"150\" srcset=\"http:\/\/meteor-institut.ch\/website\/wp-content\/uploads\/2014\/03\/Jetzt-anmelden-mit-Hintergrund-150x150.jpg 150w, http:\/\/meteor-institut.ch\/website\/wp-content\/uploads\/2014\/03\/Jetzt-anmelden-mit-Hintergrund-300x300.jpg 300w, http:\/\/meteor-institut.ch\/website\/wp-content\/uploads\/2014\/03\/Jetzt-anmelden-mit-Hintergrund.jpg 922w\" sizes=\"(max-width: 150px) 100vw, 150px\" \/><\/a>Kosten pro MFL-Special\/Person: CHF 240.-<\/strong><\/h1>\n<p>&nbsp;<\/p>\n<h1><strong>Durchf\u00fchrungsort<\/strong><\/h1>\n<h4>meteor Marketinginstitut by Felix Murbach, Neustadt 56, CH-8200 Schaffhausen<\/h4>\n<h1><strong>Anmeldung<\/strong><\/h1>\n<h4>Frau Maya Huber nimmt deine Anmeldungen zu einem der Daten gerne entgegen. Die Platzzahl ist begrenzt. Wir freuen uns auf deine <em><a href=\"http:\/\/meteor-institut.ch\/website\/kontakt\/\" target=\"_blank\">Teilnahme<\/a><\/em>.<\/h4>\n<h4><\/h4>\n<h1><strong><strong>So macht Lernen Spass.<\/strong><\/strong><\/h1>\n","protected":false},"excerpt":{"rendered":"<p>Wurde deine Pr\u00fcfung verschoben? Du bist gerade in deiner Marketingfachausbildung und die Termine der schriftlichen Pr\u00fcfung wurden verschoben? Wir sind der Meinung, dass es nun wichtig ist, dein Pr\u00fcfungs-Level zu halten. Aus diesem Grunde haben wir kurzfristig unser Angebot f\u00fcr angehende Marketingfachleute angepasst. Wir bieten dir an &#8211; unabh\u00e4ngig vom Institut &#8211; dein erarbeitetes Wissen [&hellip;]<\/p>\n","protected":false},"author":2,"featured_media":4231,"parent":0,"menu_order":0,"comment_status":"open","ping_status":"open","template":"page-template-full.php","meta":[],"_links":{"self":[{"href":"http:\/\/meteor-institut.ch\/website\/wp-json\/wp\/v2\/pages\/4212"}],"collection":[{"href":"http:\/\/meteor-institut.ch\/website\/wp-json\/wp\/v2\/pages"}],"about":[{"href":"http:\/\/meteor-institut.ch\/website\/wp-json\/wp\/v2\/types\/page"}],"author":[{"embeddable":true,"href":"http:\/\/meteor-institut.ch\/website\/wp-json\/wp\/v2\/users\/2"}],"replies":[{"embeddable":true,"href":"http:\/\/meteor-institut.ch\/website\/wp-json\/wp\/v2\/comments?post=4212"}],"version-history":[{"count":57,"href":"http:\/\/meteor-institut.ch\/website\/wp-json\/wp\/v2\/pages\/4212\/revisions"}],"predecessor-version":[{"id":4353,"href":"http:\/\/meteor-institut.ch\/website\/wp-json\/wp\/v2\/pages\/4212\/revisions\/4353"}],"wp:featuredmedia":[{"embeddable":true,"href":"http:\/\/meteor-institut.ch\/website\/wp-json\/wp\/v2\/media\/4231"}],"wp:attachment":[{"href":"http:\/\/meteor-institut.ch\/website\/wp-json\/wp\/v2\/media?parent=4212"}],"curies":[{"name":"wp","href":"https:\/\/api.w.org\/{rel}","templated":true}]}}