{"id":4335,"date":"2020-11-20T08:49:16","date_gmt":"2020-11-20T08:49:16","guid":{"rendered":"http:\/\/meteor-institut.ch\/website\/?page_id=4335"},"modified":"2020-11-20T10:44:00","modified_gmt":"2020-11-20T10:44:00","slug":"repetent","status":"publish","type":"page","link":"http:\/\/meteor-institut.ch\/website\/repetent\/","title":{"rendered":"Repetenten Lehrgang"},"content":{"rendered":"<h1>Combo &#8211; Repetenten Lehrgang<\/h1>\n<p>&nbsp;<\/p>\n<p>Du hast die eidg. Marketing- oder Verkaufsfachpr\u00fcfung absolviert und leider nicht bestanden? Kein Problem, dann holen wir dies einfach nach. Aber diesmal richtig. Das Marketinginstitut by Felix Murbach hat an der eidg. MFL-Pr\u00fcfung eine <span style=\"text-decoration: underline;\">Erfolgsquote von 100%<\/span> erreicht.<\/p>\n<p>Mit unserem Repetenten Lehrgang bieten wir dir &#8211; unabh\u00e4ngig von deiner ersten Marketingausbildung &#8211; w\u00e4hrend rund 3 Monaten vor der eidgen\u00f6ssischen Pr\u00fcfung die M\u00f6glichkeit, dich punktgenau vorzubereiten. Profitiere von den Vorteilen des <strong>Combo-Pakets: <\/strong>Wir kombinieren zeitgem\u00e4sse Online- und vor Ort-Unterrichtsmethoden zu einem attraktiven Gesamtpaket. W\u00e4hrend deiner Repetenten-Ausbildung legen wir grossen Wert auf den direkten Praxisbezug sowie auf dein pers\u00f6nliches Coaching. Nebst dem Besuch der einzelnen Remote Module wirst du in der Pr\u00fcfungsvorbereitungs-Phase mit Bootcamps an die eidg. Pr\u00fcfung herangef\u00fchrt. Das Combo-Paket beinhaltet folgende Module:<\/p>\n<p>&nbsp;<\/p>\n<h4><b>SCHRIFTLICHE PR\u00dcFUNGSVORBEREITUNG<\/b><\/h4>\n<p>Modul 1 &#8211; Erarbeiten der Marketingrundlagen<br \/>\n12 Lektionen. Erarbeitung der Grundlagen, Self-Check der Teilnehmenden, Festlegung der Schwerpunkte<\/p>\n<p>Modul 2 &#8211; Marktforschung<br \/>\n8 Lektionen<\/p>\n<p>Modul 3 &#8211; Rechnungswesen<br \/>\n8 Lektionen<\/p>\n<p>Modul 4 &#8211; Postkorb-Aufgabe<br \/>\n8 Lektionen<\/p>\n<p>Modul 5 &#8211; Vertiefung und Vernetzung des Stoffes<br \/>\n12 Lektionen<\/p>\n<p>Modul 6 &#8211; Bootcamp<br \/>\nDurchf\u00fchrung der schriftlichen Fallstudien<\/p>\n<h4>M\u00dcNDLICHE PR\u00dcFUNGSVORBEREITUNG<\/h4>\n<p>Modul 7 &#8211; M\u00fcndliche Pr\u00fcfungsvorbereitung<br \/>\n8Lektionen f\u00fcr Pr\u00e4sentationen und Fachgespr\u00e4ch<\/p>\n<p>Modul 8 &#8211; M\u00fcndliche Pr\u00fcfungsvorbereitung<br \/>\n8 Lektionen f\u00fcr Erfolgskritische Situationen<\/p>\n<p>&nbsp;<\/p>\n<h4>Zeitvarianten<strong><br \/>\n<\/strong><\/h4>\n<p>Abend-Unterricht: Montag\/Mittwoch von 18 &#8211; 21.15 Uhr mit Remote Learning<br \/>\nBootcamps: Freitag\/Samstag von 8.30 &#8211; 16 Uhr<\/p>\n<p>&nbsp;<\/p>\n<div>\n<h4>Kosten<\/h4>\n<p>Combo &#8211; Repetenten Lehrgang mit 64 Lektionen und Pr\u00fcfungsvorbereitungs-Bootcamp CHF 3&#8217;400.-<\/p>\n<p>&nbsp;<\/p>\n<h4>Anmeldung und Kursort<\/h4>\n<p>Frau Maya Huber nimmt deine Anmeldungen sehr gerne entgegen.Der Kurs findet am meteor Marketinginstitut by Felix Murbach, Neustadt 56, CH-8200 Schaffhausen statt. Melde dich doch heute noch an, die Teilnehmerzahl ist begrenzt. Wir freuen uns auf deine <em><a href=\"http:\/\/meteor-institut.ch\/website\/kontakt\/\" target=\"_blank\">Teilnahme<\/a><\/em>.<\/p>\n<\/div>\n","protected":false},"excerpt":{"rendered":"<p>Combo &#8211; Repetenten Lehrgang &nbsp; Du hast die eidg. Marketing- oder Verkaufsfachpr\u00fcfung absolviert und leider nicht bestanden? Kein Problem, dann holen wir dies einfach nach. Aber diesmal richtig. Das Marketinginstitut by Felix Murbach hat an der eidg. MFL-Pr\u00fcfung eine Erfolgsquote von 100% erreicht. Mit unserem Repetenten Lehrgang bieten wir dir &#8211; unabh\u00e4ngig von deiner ersten [&hellip;]<\/p>\n","protected":false},"author":2,"featured_media":4356,"parent":0,"menu_order":0,"comment_status":"open","ping_status":"open","template":"page-template-full.php","meta":[],"_links":{"self":[{"href":"http:\/\/meteor-institut.ch\/website\/wp-json\/wp\/v2\/pages\/4335"}],"collection":[{"href":"http:\/\/meteor-institut.ch\/website\/wp-json\/wp\/v2\/pages"}],"about":[{"href":"http:\/\/meteor-institut.ch\/website\/wp-json\/wp\/v2\/types\/page"}],"author":[{"embeddable":true,"href":"http:\/\/meteor-institut.ch\/website\/wp-json\/wp\/v2\/users\/2"}],"replies":[{"embeddable":true,"href":"http:\/\/meteor-institut.ch\/website\/wp-json\/wp\/v2\/comments?post=4335"}],"version-history":[{"count":22,"href":"http:\/\/meteor-institut.ch\/website\/wp-json\/wp\/v2\/pages\/4335\/revisions"}],"predecessor-version":[{"id":4362,"href":"http:\/\/meteor-institut.ch\/website\/wp-json\/wp\/v2\/pages\/4335\/revisions\/4362"}],"wp:featuredmedia":[{"embeddable":true,"href":"http:\/\/meteor-institut.ch\/website\/wp-json\/wp\/v2\/media\/4356"}],"wp:attachment":[{"href":"http:\/\/meteor-institut.ch\/website\/wp-json\/wp\/v2\/media?parent=4335"}],"curies":[{"name":"wp","href":"https:\/\/api.w.org\/{rel}","templated":true}]}}