{"id":663,"date":"2012-08-30T11:25:03","date_gmt":"2012-08-30T11:25:03","guid":{"rendered":"http:\/\/meteor-institut.ch\/website\/?page_id=663"},"modified":"2016-02-22T12:51:03","modified_gmt":"2016-02-22T12:51:03","slug":"einkaufsverhalten","status":"publish","type":"page","link":"http:\/\/meteor-institut.ch\/website\/einkaufsverhalten\/","title":{"rendered":"M\u00e4nner kaufen anders"},"content":{"rendered":"<h1><strong><span style=\"color: #ff6600;\">Express-Seminar: M\u00e4nner kaufen anders &#8211; Frauen auch<\/span><br \/>\n<\/strong><\/h1>\n<p>Wir wissen das nur zu gut aus eigener Erfahrung: M\u00e4nner und Frauen ticken eben immer noch etwas anders. Dass dies auch beim Kaufen gilt, wird uns Felix Murbach beweisen. Als Marketing- und Verkaufsexperte besitzt er seit \u00fcber 20 Jahren Erfahrung und versteht sich mit seiner Agentur als Br\u00fcckenbauer zwischen Marketing und Internet. Lernen Sie an diesem Kurzseminar mehr \u00fcber das Geschlechterverst\u00e4ndnis und wie Sie mit etwas mehr Kreativit\u00e4t neue Kunden und Ums\u00e4tze generieren.<\/p>\n<p>&nbsp;<\/p>\n<p><span style=\"text-decoration: underline;\"><strong>Inh<\/strong><a href=\"http:\/\/meteor-institut.ch\/website\/kontakt\/\" target=\"_blank\"><img loading=\"lazy\" class=\"alignright  wp-image-665\" title=\"M\u00e4nner kaufen anders - Frauen auch by Felix Murbach Marketing\" alt=\"\" src=\"http:\/\/meteor-institut.ch\/website\/wp-content\/uploads\/2012\/08\/jeans_einkauf-300x223.jpg\" width=\"240\" height=\"178\" srcset=\"http:\/\/meteor-institut.ch\/website\/wp-content\/uploads\/2012\/08\/jeans_einkauf-300x223.jpg 300w, http:\/\/meteor-institut.ch\/website\/wp-content\/uploads\/2012\/08\/jeans_einkauf.jpg 472w\" sizes=\"(max-width: 240px) 100vw, 240px\" \/><\/a><strong>alt<\/strong><\/span><br \/>\n+ Unterschiedliches Einkaufsverhalten<br \/>\n+ 25\u2018184 Stunden und 53 Minuten<br \/>\n+ M\u00e4nner sind Verkaufsbremsen<br \/>\n+ Frauen legen Wert auf Beratung<br \/>\n+ M\u00e4nner als Weltmeister im &#8222;Shopping-Delegieren&#8220;<br \/>\n+ Wie sieht das Einkaufsverhalten in Zukunft aus<\/p>\n<p><span style=\"text-decoration: underline;\"><strong>Teilnehmer<\/strong><\/span><br \/>\n+ Personen, Unternehmer, Detailh\u00e4ndler, Garagisten etc. welche sich t\u00e4glich mit dem unterschiedlichen Kaufverhalten der Geschlechter befassen.<\/p>\n<p><span style=\"text-decoration: underline;\"><strong>Nutzen<\/strong><\/span><br \/>\nNach diesem Seminar sind die Teilnehmer in der Lage, auf das unterschiedliche Kaufverhalten von Mann und Frau besser eingehen zu k\u00f6nnen.<\/p>\n<p><strong><span style=\"text-decoration: underline;\">Seminarleitung<\/span><br \/>\n<\/strong>Felix M. Murbach, Master of Marketing UniBS<\/p>\n<p><span style=\"text-decoration: underline;\"><strong>Seminardatum<\/strong><\/span><br \/>\nDieses Seminar f\u00fchren wir \u00f6ffentlich oder firmenintern durch. Bitte fordern Sie unsere Offerte an.<\/p>\n<p><span style=\"text-decoration: underline;\"><strong>Seminargeb\u00fchr<\/strong><\/span><br \/>\nCHF 280.-, inkl. Dokumentation.<\/p>\n<p><strong><span style=\"text-decoration: underline;\">Dauer des Powerseminars<\/span><br \/>\n<\/strong>13 &#8211; 15 Uhr (1\/2 Tag)<\/p>\n<p><span style=\"text-decoration: underline;\"><strong>Seminar-Ort<\/strong><\/span><br \/>\nBei Ihnen oder bei Felix Murbach Marketing, Neustadt 2, CH-8200 Schaffhausen oder nach Vereinbarung.<\/p>\n<p><span style=\"text-decoration: underline;\"><strong>Anmeldung<\/strong><\/span><br \/>\nFrau Maya Huber nimmt Ihre Anmeldungen gerne entgegen. Melden Sie sich heute noch an, wir freuen uns auf Ihre <span style=\"color: #ff6600;\"><a href=\"http:\/\/meteor-institut.ch\/website\/kontakt\/\" target=\"_blank\"><span style=\"color: #ff6600;\">Teilnahme<\/span><\/a><\/span>.<\/p>\n","protected":false},"excerpt":{"rendered":"<p>Express-Seminar: M\u00e4nner kaufen anders &#8211; Frauen auch Wir wissen das nur zu gut aus eigener Erfahrung: M\u00e4nner und Frauen ticken eben immer noch etwas anders. Dass dies auch beim Kaufen gilt, wird uns Felix Murbach beweisen. Als Marketing- und Verkaufsexperte besitzt er seit \u00fcber 20 Jahren Erfahrung und versteht sich mit seiner Agentur als Br\u00fcckenbauer [&hellip;]<\/p>\n","protected":false},"author":2,"featured_media":1852,"parent":0,"menu_order":0,"comment_status":"open","ping_status":"open","template":"page-template-full.php","meta":[],"_links":{"self":[{"href":"http:\/\/meteor-institut.ch\/website\/wp-json\/wp\/v2\/pages\/663"}],"collection":[{"href":"http:\/\/meteor-institut.ch\/website\/wp-json\/wp\/v2\/pages"}],"about":[{"href":"http:\/\/meteor-institut.ch\/website\/wp-json\/wp\/v2\/types\/page"}],"author":[{"embeddable":true,"href":"http:\/\/meteor-institut.ch\/website\/wp-json\/wp\/v2\/users\/2"}],"replies":[{"embeddable":true,"href":"http:\/\/meteor-institut.ch\/website\/wp-json\/wp\/v2\/comments?post=663"}],"version-history":[{"count":26,"href":"http:\/\/meteor-institut.ch\/website\/wp-json\/wp\/v2\/pages\/663\/revisions"}],"predecessor-version":[{"id":3419,"href":"http:\/\/meteor-institut.ch\/website\/wp-json\/wp\/v2\/pages\/663\/revisions\/3419"}],"wp:featuredmedia":[{"embeddable":true,"href":"http:\/\/meteor-institut.ch\/website\/wp-json\/wp\/v2\/media\/1852"}],"wp:attachment":[{"href":"http:\/\/meteor-institut.ch\/website\/wp-json\/wp\/v2\/media?parent=663"}],"curies":[{"name":"wp","href":"https:\/\/api.w.org\/{rel}","templated":true}]}}