{"id":720,"date":"2012-08-31T13:52:18","date_gmt":"2012-08-31T13:52:18","guid":{"rendered":"http:\/\/meteor-institut.ch\/website\/?page_id=720"},"modified":"2016-02-22T12:46:38","modified_gmt":"2016-02-22T12:46:38","slug":"eventmarketing","status":"publish","type":"page","link":"http:\/\/meteor-institut.ch\/website\/eventmarketing\/","title":{"rendered":"Eventmarketing"},"content":{"rendered":"<h1><span style=\"color: #ff6600;\"><strong>Eventmarketing<\/strong><\/span><\/h1>\n<p>Eventmarketing &#8211; die emotionale Inszenierung von Kommunikationsinhalten. Eventmarketing etabliert sich weiter als organisatorisch selbst\u00e4ndiges, inhaltlich gebundenes Instrument einer integrierten Unternehmenskommunikation. Der Qualit\u00e4tsanspruch an die Eventorganisation hat deutlich zugenommen, Professionalit\u00e4t der strategischen und operativen Planung sowie Steuerung wird heute erwartet. An diesem Seminar lernen Sie, wie Sie Marken ganzheitlich erlebbar und f\u00fchlbar machen, Atmosph\u00e4re transportieren und Emotionen wecken.<\/p>\n<p>&nbsp;<\/p>\n<p><span style=\"text-decoration: underline;\"><strong>Inhalt<\/strong><\/span><\/p>\n<p>+ Eventmarketing-Grundlagen<br \/>\n+ Idee des Eventmarketings<br \/>\n<a href=\"http:\/\/meteor-institut.ch\/website\/wp-content\/uploads\/2012\/08\/Eventmarketing.jpg\"><img loading=\"lazy\" class=\"alignright size-medium wp-image-728\" title=\"Eventmarketing\" alt=\"\" src=\"http:\/\/meteor-institut.ch\/website\/wp-content\/uploads\/2012\/08\/Eventmarketing-300x112.jpg\" width=\"300\" height=\"112\" srcset=\"http:\/\/meteor-institut.ch\/website\/wp-content\/uploads\/2012\/08\/Eventmarketing-300x112.jpg 300w, http:\/\/meteor-institut.ch\/website\/wp-content\/uploads\/2012\/08\/Eventmarketing.jpg 486w\" sizes=\"(max-width: 300px) 100vw, 300px\" \/><\/a>+ Trends im Eventmarketing<br \/>\n+ Aufbau eines Events<br \/>\n+ Das Eventbriefing<br \/>\n+ Eventkonzeption<br \/>\n+ Aufbau der Event Organisation<br \/>\n+ Tools f\u00fcr erfolgreiches Eventmanagement<br \/>\n+ Team der Event Organisation<br \/>\n+ Eventcontrolling<\/p>\n<p><span style=\"text-decoration: underline;\"><strong>Teilnehmer<\/strong><\/span><br \/>\n+ Marketing- und Kommunikationsverantwortliche, Eventmanager, Praktiker, die in die Eventbranche einsteigen m\u00f6chten.<\/p>\n<p><span style=\"text-decoration: underline;\"><strong>Nutzen<\/strong><\/span><br \/>\nNach diesem Seminar sind die Teilnehmer in der Lage, die Grundlagen des Eventmarketings zu kennen und einsetzen zu k\u00f6nnen. Die Teilnehmer erhalten viele n\u00fctzliche Handouts wie Checklisten oder Briefingvorlagen und werden einige AHA-Erkenntnisse im Eventbereich \u201emit auf den Heimweg nehmen\u201c.<\/p>\n<p><strong><span style=\"text-decoration: underline;\">Seminarleitung<\/span><br \/>\n<\/strong>Felix M. Murbach, Master of Marketing UniBS<\/p>\n<p><span style=\"text-decoration: underline;\"><strong>Seminardatum<\/strong><\/span><br \/>\nDieses Seminar f\u00fchren wir \u00f6ffentlich oder firmenintern durch. Bitte fordern Sie unsere Offerte an.<\/p>\n<p><span style=\"text-decoration: underline;\"><strong>Seminargeb\u00fchr<\/strong><\/span><br \/>\nCHF 560.-, inkl. Pausengetr\u00e4nke und Dokumentation.<\/p>\n<p><strong><span style=\"text-decoration: underline;\">Dauer des Seminars<\/span><br \/>\n<\/strong>9 \u2013 16.30 Uhr<\/p>\n<p><span style=\"text-decoration: underline;\"><strong>Abschluss<\/strong><\/span><br \/>\nDie Teilnehmer\/Innen erhalten ein Abschlusszertifikat.<\/p>\n<p><span style=\"text-decoration: underline;\"><strong>Seminar-Ort<\/strong><\/span><br \/>\nFelix Murbach Marketing, Neustadt 2, CH-8200 Schaffhausen oder nach Vereinbarung.<\/p>\n<p><span style=\"text-decoration: underline;\"><strong>Anmeldung<\/strong><\/span><br \/>\nFrau Maya Huber nimmt Ihre Anmeldungen gerne entgegen. Melden Sie sich heute noch an, wir freuen uns auf Ihre <span style=\"color: #ff6600;\"><a href=\"http:\/\/meteor-institut.ch\/website\/kontakt\/\" target=\"_blank\"><span style=\"color: #ff6600;\">Teilnahme<\/span><\/a><\/span>.<\/p>\n<p><span style=\"text-decoration: underline;\"><strong>Teilnehmer-Stimmen<\/strong><\/span><br \/>\n\u201eWertvolle Unterst\u00fctzung f\u00fcr die Praxis. Von jedem Kundenberater wird heute erwartet, dass er Kundenevents ausdenkt und ausf\u00fchrt &#8211; ohne entsprechende Ausbildung.\u201c Daniel Br\u00fcschweiler, Vorsitzender der Bankleitung Raiffeisenbank Schaffhausen<\/p>\n","protected":false},"excerpt":{"rendered":"<p>Eventmarketing Eventmarketing &#8211; die emotionale Inszenierung von Kommunikationsinhalten. Eventmarketing etabliert sich weiter als organisatorisch selbst\u00e4ndiges, inhaltlich gebundenes Instrument einer integrierten Unternehmenskommunikation. Der Qualit\u00e4tsanspruch an die Eventorganisation hat deutlich zugenommen, Professionalit\u00e4t der strategischen und operativen Planung sowie Steuerung wird heute erwartet. An diesem Seminar lernen Sie, wie Sie Marken ganzheitlich erlebbar und f\u00fchlbar machen, Atmosph\u00e4re transportieren [&hellip;]<\/p>\n","protected":false},"author":2,"featured_media":670,"parent":0,"menu_order":0,"comment_status":"open","ping_status":"open","template":"page-template-full.php","meta":[],"_links":{"self":[{"href":"http:\/\/meteor-institut.ch\/website\/wp-json\/wp\/v2\/pages\/720"}],"collection":[{"href":"http:\/\/meteor-institut.ch\/website\/wp-json\/wp\/v2\/pages"}],"about":[{"href":"http:\/\/meteor-institut.ch\/website\/wp-json\/wp\/v2\/types\/page"}],"author":[{"embeddable":true,"href":"http:\/\/meteor-institut.ch\/website\/wp-json\/wp\/v2\/users\/2"}],"replies":[{"embeddable":true,"href":"http:\/\/meteor-institut.ch\/website\/wp-json\/wp\/v2\/comments?post=720"}],"version-history":[{"count":20,"href":"http:\/\/meteor-institut.ch\/website\/wp-json\/wp\/v2\/pages\/720\/revisions"}],"predecessor-version":[{"id":3413,"href":"http:\/\/meteor-institut.ch\/website\/wp-json\/wp\/v2\/pages\/720\/revisions\/3413"}],"wp:featuredmedia":[{"embeddable":true,"href":"http:\/\/meteor-institut.ch\/website\/wp-json\/wp\/v2\/media\/670"}],"wp:attachment":[{"href":"http:\/\/meteor-institut.ch\/website\/wp-json\/wp\/v2\/media?parent=720"}],"curies":[{"name":"wp","href":"https:\/\/api.w.org\/{rel}","templated":true}]}}