{"id":830,"date":"2012-10-15T15:02:44","date_gmt":"2012-10-15T15:02:44","guid":{"rendered":"http:\/\/meteor-institut.ch\/website\/?page_id=830"},"modified":"2016-02-22T12:43:43","modified_gmt":"2016-02-22T12:43:43","slug":"projektmanagement","status":"publish","type":"page","link":"http:\/\/meteor-institut.ch\/website\/projektmanagement\/","title":{"rendered":"Projektmanagement"},"content":{"rendered":"<h1><span style=\"color: #ff6600;\"><strong>Projektmanagement leicht gemacht<\/strong><\/span><\/h1>\n<p>Die Ver\u00e4nderung und Entwicklung von Unternehmen findet fast ausschliesslich \u00fcber Projekte statt. Die heutige Gesch\u00e4ftswelt ist in vieler Hinsicht durch eine Vielzahl von Einflussfaktoren gekennzeichnet, die in der Vergangenheit bei Weitem nicht dieselbe Bedeutung hatten. In vielen F\u00e4llen ist eine herk\u00f6mmliche Arbeitsmethode nicht mehr angemessen. Die Antwort auf viele Ver\u00e4nderungen ist die Bildung von Projekten. In diesem Kurs erhalten Sie kurz und b\u00fcndig w\u00e4hrend zwei Tagen das relevanteste Projektmanagement-Know How f\u00fcr Ihren Berufsalltag. Wenden Sie das Erlernte an und gewinnen Sie wertvolle Inputs aus den Gespr\u00e4chen mit anderen Kursteilnehmenden.<\/p>\n<p>&nbsp;<\/p>\n<p><span style=\"text-decoration: underline;\"><strong>Inhalt<a href=\"http:\/\/meteor-institut.ch\/website\/projektmanagement\/attachment\/al_hande-2\/\" rel=\"attachment wp-att-1742\"><img loading=\"lazy\" class=\"alignright size-medium wp-image-1742\" alt=\"AL_H\u00e4nde\" src=\"http:\/\/meteor-institut.ch\/website\/wp-content\/uploads\/2012\/10\/AL_H\u00e4nde-300x113.jpg\" width=\"300\" height=\"113\" srcset=\"http:\/\/meteor-institut.ch\/website\/wp-content\/uploads\/2012\/10\/AL_H\u00e4nde-300x113.jpg 300w, http:\/\/meteor-institut.ch\/website\/wp-content\/uploads\/2012\/10\/AL_H\u00e4nde-1024x386.jpg 1024w, http:\/\/meteor-institut.ch\/website\/wp-content\/uploads\/2012\/10\/AL_H\u00e4nde.jpg 1782w\" sizes=\"(max-width: 300px) 100vw, 300px\" \/><\/a><\/strong><\/span><\/p>\n<p>+ Die Grundbegriffe des Projektmanagements<br \/>\n+ Erfolgsfaktoren f\u00fcr Projekte<br \/>\n+ Wie werden Projektziele definiert<br \/>\n+ Projektmarketing und -information<br \/>\n+ Projektorganisationen planen<br \/>\n+ Projektstrukturplan<br \/>\n+ Ablauf- und Terminplanung<\/p>\n<p><span style=\"text-decoration: underline;\"><strong>Teilnehmer<\/strong><\/span><br \/>\n+ Alle Personen, die t\u00e4glich mit Projekten zu tun haben<br \/>\n+ Eventmanager\/Innen f\u00fcr den t\u00e4glichen Einsatz<br \/>\n+ Projektleiter\/Innen f\u00fcr das Schaffen von Rahmenbedingungen bei Projekten<\/p>\n<p><span style=\"text-decoration: underline;\"><strong>Nutzen<\/strong><\/span><br \/>\nNach diesem Seminar sind die Teilnehmer in der Lage, ein Projekt zu iniitieren, gestalten, planen sowie zu steuern. Sie lernen die typischen Aufgaben des Projektmanagements kennen. Das Seminar wird mit vielen Beispielen aus der Praxis angereichert.<\/p>\n<p><strong><span style=\"text-decoration: underline;\">Seminarleitung<\/span><br \/>\n<\/strong>Felix M. Murbach, Master of Marketing UniBS<\/p>\n<p><span style=\"text-decoration: underline;\"><strong>Seminardatum<\/strong><\/span><br \/>\nDieses Seminar f\u00fchren wir \u00f6ffentlich oder firmenintern durch. Bitte fordern Sie unsere Offerte an.<\/p>\n<p><span style=\"text-decoration: underline;\"><strong>Seminargeb\u00fchr<\/strong><\/span><br \/>\nCHF 980.-, inkl. Pausengetr\u00e4nke und Dokumentation<\/p>\n<p><strong><span style=\"text-decoration: underline;\">Dauer des Seminars<\/span><br \/>\n<\/strong>2 Tage von 9 &#8211; 16.30 Uhr<\/p>\n<p><span style=\"text-decoration: underline;\"><strong>Abschluss<\/strong><\/span><br \/>\nDie Teilnehmer\/Innen erhalten ein Abschlusszertifikat.<\/p>\n<p><span style=\"text-decoration: underline;\"><strong>Seminar-Ort<\/strong><\/span><br \/>\nFelix Murbach Marketing, Neustadt 2, CH-8200 Schaffhausen oder nach Vereinbarung.<\/p>\n<p><span style=\"text-decoration: underline;\"><strong>Anmeldung<\/strong><\/span><br \/>\nFrau Maya Huber nimmt Ihre Anmeldungen gerne entgegen. Melden Sie sich heute noch an, wir freuen uns auf Ihre <span style=\"color: #ff6600;\"><a href=\"http:\/\/meteor-institut.ch\/website\/kontakt\/\" target=\"_blank\"><span style=\"color: #ff6600;\">Teilnahme<\/span><\/a><\/span>.<\/p>\n<p>&nbsp;<\/p>\n<p>\u00abBesten Dank f\u00fcr Ihr Engagement. \u00dcbrigens, haben Sie einen super Job gemacht. Ihr Kurs war echt erfrischend!!!!!!!\u00bb Herzlichst B. Schwarzer<\/p>\n<p><strong><br \/>\n<\/strong><\/p>\n<div><strong><br \/>\n<\/strong><\/div>\n","protected":false},"excerpt":{"rendered":"<p>Projektmanagement leicht gemacht Die Ver\u00e4nderung und Entwicklung von Unternehmen findet fast ausschliesslich \u00fcber Projekte statt. Die heutige Gesch\u00e4ftswelt ist in vieler Hinsicht durch eine Vielzahl von Einflussfaktoren gekennzeichnet, die in der Vergangenheit bei Weitem nicht dieselbe Bedeutung hatten. In vielen F\u00e4llen ist eine herk\u00f6mmliche Arbeitsmethode nicht mehr angemessen. Die Antwort auf viele Ver\u00e4nderungen ist die [&hellip;]<\/p>\n","protected":false},"author":2,"featured_media":834,"parent":0,"menu_order":0,"comment_status":"open","ping_status":"open","template":"page-template-full.php","meta":[],"_links":{"self":[{"href":"http:\/\/meteor-institut.ch\/website\/wp-json\/wp\/v2\/pages\/830"}],"collection":[{"href":"http:\/\/meteor-institut.ch\/website\/wp-json\/wp\/v2\/pages"}],"about":[{"href":"http:\/\/meteor-institut.ch\/website\/wp-json\/wp\/v2\/types\/page"}],"author":[{"embeddable":true,"href":"http:\/\/meteor-institut.ch\/website\/wp-json\/wp\/v2\/users\/2"}],"replies":[{"embeddable":true,"href":"http:\/\/meteor-institut.ch\/website\/wp-json\/wp\/v2\/comments?post=830"}],"version-history":[{"count":21,"href":"http:\/\/meteor-institut.ch\/website\/wp-json\/wp\/v2\/pages\/830\/revisions"}],"predecessor-version":[{"id":3409,"href":"http:\/\/meteor-institut.ch\/website\/wp-json\/wp\/v2\/pages\/830\/revisions\/3409"}],"wp:featuredmedia":[{"embeddable":true,"href":"http:\/\/meteor-institut.ch\/website\/wp-json\/wp\/v2\/media\/834"}],"wp:attachment":[{"href":"http:\/\/meteor-institut.ch\/website\/wp-json\/wp\/v2\/media?parent=830"}],"curies":[{"name":"wp","href":"https:\/\/api.w.org\/{rel}","templated":true}]}}